{"id":1480441,"date":"2025-03-08T00:20:16","date_gmt":"2025-03-07T23:20:16","guid":{"rendered":"https:\/\/streetmarkets.fr\/app\/produit\/rubans-en-soie-2-cm\/"},"modified":"2026-04-13T01:14:41","modified_gmt":"2026-04-12T23:14:41","slug":"rubans-en-soie-2-cm","status":"publish","type":"product","link":"https:\/\/streetmarkets.fr\/app\/produit\/rubans-en-soie-2-cm\/","title":{"rendered":"Rubans en Soie &#8211; 2 cm &#8211; \u00c9t\u00e9 2025"},"content":{"rendered":"<p><span><a title=\"Collection AN-NEE\" href=\"\/collections\/AN-NEE\"><strong>Collection AN-NEE<\/strong><\/a><\/span><\/p>\n<p>De magnifiques rubans de soie \u00e0 glisser dans vos bracelets ou manchettes !<\/p>\n<p>Compatibles avec :<\/p>\n<ul>\n<li>l&#8217;ornement <a href=\"https:\/\/frenchtouche.com\/collections\/catalogue\/products\/ornement-etoile-seul\" title=\"Ornement Etoile\">Etoile<\/a>\n<\/li>\n<li>l&#8217;ornement C\u00e9leste<\/li>\n<li>l&#8217;ornement D\u00e9cembre<\/li>\n<li>la manchette JMA\n<\/li>\n<\/ul>\n<p><span>100% Twill de Soie<\/span><br \/><span>Environ 42 x 2 cm<\/span><\/p>\n<p><span>Conseil d&#8217;entretien :\u00a0<\/span><span style=\"font-size: 0.875rem\">optez pour un lavage \u00e0 sec confi\u00e9 \u00e0 un professionnel pour toutes les pi\u00e8ces en soie<\/span><\/p>\n<p><span style=\"font-size: 0.875rem\"> <em>La d\u00e9coupe des bracelets induit des variations du dessin syst\u00e9matique. Aucun ruban ne se ressemble, la coupe se faisant \u00e0 plusieurs endroits du dessin.<\/em><\/span><\/p>\n<p><span>:: Fabriqu\u00e9s et imprim\u00e9s en France ::<\/span><\/p>\n","protected":false},"excerpt":{"rendered":"<p>Collection AN-NEE De magnifiques rubans de soie \u00e0 glisser dans vos bracelets ou manchettes ! Compatibles avec : l&#8217;ornement Etoile l&#8217;ornement C\u00e9leste l&#8217;ornement D\u00e9cembre la manchette JMA 100% Twill de SoieEnviron 42 x 2 cm Conseil d&#8217;entretien :\u00a0optez pour un lavage \u00e0 sec confi\u00e9 \u00e0 un professionnel pour toutes les pi\u00e8ces en soie La d\u00e9coupe [&hellip;]<\/p>\n","protected":false},"featured_media":0,"comment_status":"open","ping_status":"closed","template":"","meta":[],"product_brand":[],"product_cat":[1807,1756],"product_tag":[2244,1811],"acf":[],"_links":{"self":[{"href":"https:\/\/streetmarkets.fr\/app\/wp-json\/wp\/v2\/product\/1480441"}],"collection":[{"href":"https:\/\/streetmarkets.fr\/app\/wp-json\/wp\/v2\/product"}],"about":[{"href":"https:\/\/streetmarkets.fr\/app\/wp-json\/wp\/v2\/types\/product"}],"replies":[{"embeddable":true,"href":"https:\/\/streetmarkets.fr\/app\/wp-json\/wp\/v2\/comments?post=1480441"}],"wp:attachment":[{"href":"https:\/\/streetmarkets.fr\/app\/wp-json\/wp\/v2\/media?parent=1480441"}],"wp:term":[{"taxonomy":"product_brand","embeddable":true,"href":"https:\/\/streetmarkets.fr\/app\/wp-json\/wp\/v2\/product_brand?post=1480441"},{"taxonomy":"product_cat","embeddable":true,"href":"https:\/\/streetmarkets.fr\/app\/wp-json\/wp\/v2\/product_cat?post=1480441"},{"taxonomy":"product_tag","embeddable":true,"href":"https:\/\/streetmarkets.fr\/app\/wp-json\/wp\/v2\/product_tag?post=1480441"}],"curies":[{"name":"wp","href":"https:\/\/api.w.org\/{rel}","templated":true}]}}