{"id":1480433,"date":"2025-03-08T00:20:15","date_gmt":"2025-03-07T23:20:15","guid":{"rendered":"https:\/\/streetmarkets.fr\/app\/produit\/rubans-en-soie-1-cm\/"},"modified":"2026-04-11T01:15:30","modified_gmt":"2026-04-10T23:15:30","slug":"rubans-en-soie-1-cm","status":"publish","type":"product","link":"https:\/\/streetmarkets.fr\/app\/produit\/rubans-en-soie-1-cm\/","title":{"rendered":"Rubans en Soie &#8211; 1 cm &#8211; \u00c9t\u00e9 2025"},"content":{"rendered":"<p><span><a href=\"\/collections\/AN-NEE\" title=\"Collection AN-NEE\"><strong>Collection AN-NEE<\/strong><\/a><\/span><\/p>\n<p>De magnifiques rubans de soie \u00e0 glisser dans vos joncs ou manchettes !<\/p>\n<p>Compatibles avec :<\/p>\n<ul>\n<li>le jonc Octobre<\/li>\n<li>le bracelet D\u00e9cembre\n<\/li>\n<\/ul>\n<p><span>100% Twill de Soie<\/span><br \/><span>Environ 40 x 1 cm<\/span><\/p>\n<p><span>Conseil d&#8217;entretien :\u00a0<\/span><span style=\"font-size: 0.875rem\">optez pour un lavage \u00e0 sec confi\u00e9 \u00e0 un professionnel pour toutes les pi\u00e8ces en soie<\/span><\/p>\n<p><em>Attention : les rubans de 1cm sont coup\u00e9s dans les chutes de soie de telle sorte \u00e0 \u00e9viter les pertes de mati\u00e8re et donc le g\u00e2chis, aussi, pour tous les rubans de 1cm, des variations du dessin sont syst\u00e9matiques. Aucun ruban ne se ressemble, la coupe se faisant \u00e0 plusieurs endroits du dessin.<\/em><\/p>\n<p><span>:: Fabriqu\u00e9s et imprim\u00e9s en France ::<\/span><\/p>\n","protected":false},"excerpt":{"rendered":"<p>Collection AN-NEE De magnifiques rubans de soie \u00e0 glisser dans vos joncs ou manchettes ! Compatibles avec : le jonc Octobre le bracelet D\u00e9cembre 100% Twill de SoieEnviron 40 x 1 cm Conseil d&#8217;entretien :\u00a0optez pour un lavage \u00e0 sec confi\u00e9 \u00e0 un professionnel pour toutes les pi\u00e8ces en soie Attention : les rubans de [&hellip;]<\/p>\n","protected":false},"featured_media":1480434,"comment_status":"open","ping_status":"closed","template":"","meta":[],"product_brand":[],"product_cat":[1807,1756],"product_tag":[2244,1811],"acf":[],"_links":{"self":[{"href":"https:\/\/streetmarkets.fr\/app\/wp-json\/wp\/v2\/product\/1480433"}],"collection":[{"href":"https:\/\/streetmarkets.fr\/app\/wp-json\/wp\/v2\/product"}],"about":[{"href":"https:\/\/streetmarkets.fr\/app\/wp-json\/wp\/v2\/types\/product"}],"replies":[{"embeddable":true,"href":"https:\/\/streetmarkets.fr\/app\/wp-json\/wp\/v2\/comments?post=1480433"}],"wp:featuredmedia":[{"embeddable":true,"href":"https:\/\/streetmarkets.fr\/app\/wp-json\/wp\/v2\/media\/1480434"}],"wp:attachment":[{"href":"https:\/\/streetmarkets.fr\/app\/wp-json\/wp\/v2\/media?parent=1480433"}],"wp:term":[{"taxonomy":"product_brand","embeddable":true,"href":"https:\/\/streetmarkets.fr\/app\/wp-json\/wp\/v2\/product_brand?post=1480433"},{"taxonomy":"product_cat","embeddable":true,"href":"https:\/\/streetmarkets.fr\/app\/wp-json\/wp\/v2\/product_cat?post=1480433"},{"taxonomy":"product_tag","embeddable":true,"href":"https:\/\/streetmarkets.fr\/app\/wp-json\/wp\/v2\/product_tag?post=1480433"}],"curies":[{"name":"wp","href":"https:\/\/api.w.org\/{rel}","templated":true}]}}