{"id":1480333,"date":"2025-03-08T00:20:09","date_gmt":"2025-03-07T23:20:09","guid":{"rendered":"https:\/\/streetmarkets.fr\/app\/produit\/pins-casino\/"},"modified":"2026-04-18T01:15:00","modified_gmt":"2026-04-17T23:15:00","slug":"pins-casino","status":"publish","type":"product","link":"https:\/\/streetmarkets.fr\/app\/produit\/pins-casino\/","title":{"rendered":"Duo de Pin&#8217;s Casino"},"content":{"rendered":"<h4><a title=\"Collection All The Ways To Say\" href=\"\/collections\/all-the-ways-to-say\"><strong>Collection\u00a0All The Ways To Say<\/strong><\/a><\/h4>\n<p><span><\/span>Pin&#8217;s en laiton dor\u00e9 et \u00e9maill\u00e9<\/p>\n","protected":false},"excerpt":{"rendered":"<p>Collection\u00a0All The Ways To Say Pin&#8217;s en laiton dor\u00e9 et \u00e9maill\u00e9<\/p>\n","protected":false},"featured_media":1480334,"comment_status":"open","ping_status":"closed","template":"","meta":[],"product_brand":[],"product_cat":[1756,1764],"product_tag":[2244,1811],"acf":[],"_links":{"self":[{"href":"https:\/\/streetmarkets.fr\/app\/wp-json\/wp\/v2\/product\/1480333"}],"collection":[{"href":"https:\/\/streetmarkets.fr\/app\/wp-json\/wp\/v2\/product"}],"about":[{"href":"https:\/\/streetmarkets.fr\/app\/wp-json\/wp\/v2\/types\/product"}],"replies":[{"embeddable":true,"href":"https:\/\/streetmarkets.fr\/app\/wp-json\/wp\/v2\/comments?post=1480333"}],"wp:featuredmedia":[{"embeddable":true,"href":"https:\/\/streetmarkets.fr\/app\/wp-json\/wp\/v2\/media\/1480334"}],"wp:attachment":[{"href":"https:\/\/streetmarkets.fr\/app\/wp-json\/wp\/v2\/media?parent=1480333"}],"wp:term":[{"taxonomy":"product_brand","embeddable":true,"href":"https:\/\/streetmarkets.fr\/app\/wp-json\/wp\/v2\/product_brand?post=1480333"},{"taxonomy":"product_cat","embeddable":true,"href":"https:\/\/streetmarkets.fr\/app\/wp-json\/wp\/v2\/product_cat?post=1480333"},{"taxonomy":"product_tag","embeddable":true,"href":"https:\/\/streetmarkets.fr\/app\/wp-json\/wp\/v2\/product_tag?post=1480333"}],"curies":[{"name":"wp","href":"https:\/\/api.w.org\/{rel}","templated":true}]}}