{"id":1479908,"date":"2025-03-07T23:26:52","date_gmt":"2025-03-07T22:26:52","guid":{"rendered":"https:\/\/streetmarkets.fr\/app\/produit\/grand-pareo-ou-etole-feuille-amande\/"},"modified":"2025-09-01T00:27:04","modified_gmt":"2025-08-31T22:27:04","slug":"grand-pareo-ou-etole-feuille-amande","status":"publish","type":"product","link":"https:\/\/streetmarkets.fr\/app\/produit\/grand-pareo-ou-etole-feuille-amande\/","title":{"rendered":"Grand par\u00e9o ou \u00e9tole Feuille amande"},"content":{"rendered":"<div>\n<p>Dimension : 100 x 200 cm<br \/>\n100% Coton de tr\u00e8s bonne qualit\u00e9<br \/>\nDesigned\u00a0in France<br \/>\nMade in India<\/p>\n<\/div>\n<p>&nbsp;<\/p>\n<p>Grand par\u00e9o ou \u00e9tole en coton fin doux et souple.<\/p>\n<p>Une grande feuille dessin\u00e9e sur un fond vert tr\u00e8s clair et doux.<\/p>\n<p>Liseret bleu fonc\u00e9 sur la longueur renforc\u00e9 par un liseret moutarde soutenu pour une finition tr\u00e8s chic.<\/p>\n<p>&nbsp;<\/p>\n","protected":false},"excerpt":{"rendered":"<p>Dimension : 100 x 200 cm 100% Coton de tr\u00e8s bonne qualit\u00e9 Designed\u00a0in France Made in India &nbsp; Grand par\u00e9o ou \u00e9tole en coton fin doux et souple. Une grande feuille dessin\u00e9e sur un fond vert tr\u00e8s clair et doux. Liseret bleu fonc\u00e9 sur la longueur renforc\u00e9 par un liseret moutarde soutenu pour une finition [&hellip;]<\/p>\n","protected":false},"featured_media":1479909,"comment_status":"open","ping_status":"closed","template":"","meta":[],"product_brand":[],"product_cat":[1756,1764],"product_tag":[1811],"acf":[],"_links":{"self":[{"href":"https:\/\/streetmarkets.fr\/app\/wp-json\/wp\/v2\/product\/1479908"}],"collection":[{"href":"https:\/\/streetmarkets.fr\/app\/wp-json\/wp\/v2\/product"}],"about":[{"href":"https:\/\/streetmarkets.fr\/app\/wp-json\/wp\/v2\/types\/product"}],"replies":[{"embeddable":true,"href":"https:\/\/streetmarkets.fr\/app\/wp-json\/wp\/v2\/comments?post=1479908"}],"wp:featuredmedia":[{"embeddable":true,"href":"https:\/\/streetmarkets.fr\/app\/wp-json\/wp\/v2\/media\/1479909"}],"wp:attachment":[{"href":"https:\/\/streetmarkets.fr\/app\/wp-json\/wp\/v2\/media?parent=1479908"}],"wp:term":[{"taxonomy":"product_brand","embeddable":true,"href":"https:\/\/streetmarkets.fr\/app\/wp-json\/wp\/v2\/product_brand?post=1479908"},{"taxonomy":"product_cat","embeddable":true,"href":"https:\/\/streetmarkets.fr\/app\/wp-json\/wp\/v2\/product_cat?post=1479908"},{"taxonomy":"product_tag","embeddable":true,"href":"https:\/\/streetmarkets.fr\/app\/wp-json\/wp\/v2\/product_tag?post=1479908"}],"curies":[{"name":"wp","href":"https:\/\/api.w.org\/{rel}","templated":true}]}}