{"id":1479864,"date":"2025-03-07T07:42:44","date_gmt":"2025-03-07T06:42:44","guid":{"rendered":"https:\/\/streetmarkets.fr\/app\/produit\/jupe-nathy-echo-lime-ma-poesie\/"},"modified":"2026-05-05T08:38:13","modified_gmt":"2026-05-05T06:38:13","slug":"jupe-nathy-echo-lime-ma-poesie","status":"publish","type":"product","link":"https:\/\/streetmarkets.fr\/app\/produit\/jupe-nathy-echo-lime-ma-poesie\/","title":{"rendered":"Jupe Nathy Echo Lime &#8211; Ma Po\u00e9sie"},"content":{"rendered":"<div>\n <span>&#8211; Jupe en coton seersucker imprim\u00e9 du motif Echo<\/span><br \/><span>&#8211; Jupe avec esprit portefeuille, coupe droite l\u00e9g\u00e8rement \u00e9vas\u00e9e<\/span><br \/><span>&#8211; Fermeture par ceinture \u00e0 nou\u00e9e \u00e0 la taille<\/span><br \/><span>&#8211; Taille ajustable grace \u00e0 un syst\u00e8me de passants<\/span><br \/><span>&#8211; Poches c\u00f4t\u00e9s<\/span>\n<\/div>\n<div><\/div>\n<p>Guide des tailles : taille unique (36-40). Le mannequin mesure 1m75.\u00a0<\/p>\n","protected":false},"excerpt":{"rendered":"<p>&#8211; Jupe en coton seersucker imprim\u00e9 du motif Echo&#8211; Jupe avec esprit portefeuille, coupe droite l\u00e9g\u00e8rement \u00e9vas\u00e9e&#8211; Fermeture par ceinture \u00e0 nou\u00e9e \u00e0 la taille&#8211; Taille ajustable grace \u00e0 un syst\u00e8me de passants&#8211; Poches c\u00f4t\u00e9s Guide des tailles : taille unique (36-40). Le mannequin mesure 1m75.\u00a0<\/p>\n","protected":false},"featured_media":1479865,"comment_status":"open","ping_status":"closed","template":"","meta":[],"product_brand":[],"product_cat":[1756,1762],"product_tag":[2244],"acf":[],"_links":{"self":[{"href":"https:\/\/streetmarkets.fr\/app\/wp-json\/wp\/v2\/product\/1479864"}],"collection":[{"href":"https:\/\/streetmarkets.fr\/app\/wp-json\/wp\/v2\/product"}],"about":[{"href":"https:\/\/streetmarkets.fr\/app\/wp-json\/wp\/v2\/types\/product"}],"replies":[{"embeddable":true,"href":"https:\/\/streetmarkets.fr\/app\/wp-json\/wp\/v2\/comments?post=1479864"}],"wp:featuredmedia":[{"embeddable":true,"href":"https:\/\/streetmarkets.fr\/app\/wp-json\/wp\/v2\/media\/1479865"}],"wp:attachment":[{"href":"https:\/\/streetmarkets.fr\/app\/wp-json\/wp\/v2\/media?parent=1479864"}],"wp:term":[{"taxonomy":"product_brand","embeddable":true,"href":"https:\/\/streetmarkets.fr\/app\/wp-json\/wp\/v2\/product_brand?post=1479864"},{"taxonomy":"product_cat","embeddable":true,"href":"https:\/\/streetmarkets.fr\/app\/wp-json\/wp\/v2\/product_cat?post=1479864"},{"taxonomy":"product_tag","embeddable":true,"href":"https:\/\/streetmarkets.fr\/app\/wp-json\/wp\/v2\/product_tag?post=1479864"}],"curies":[{"name":"wp","href":"https:\/\/api.w.org\/{rel}","templated":true}]}}