{"id":1475307,"date":"2025-03-07T01:10:25","date_gmt":"2025-03-07T00:10:25","guid":{"rendered":"https:\/\/streetmarkets.fr\/app\/produit\/jupe-mini-lenny-s25-femme-sky-garden\/"},"modified":"2025-07-22T01:49:29","modified_gmt":"2025-07-21T23:49:29","slug":"jupe-mini-lenny-s25-femme-sky-garden","status":"publish","type":"product","link":"https:\/\/streetmarkets.fr\/app\/produit\/jupe-mini-lenny-s25-femme-sky-garden\/","title":{"rendered":"Jupe Mini Lenny (S25 \/ FEMME \/ Sky Garden)"},"content":{"rendered":"<p>&#8211; Jupe courte en satin de soie Femme<br \/>\n<br \/>&#8211; Imprim\u00e9 fleuri<br \/>\n<br \/>&#8211; Taille \u00e9lastiqu\u00e9e<br \/>\n<br \/>&#8211; \u00c9vas\u00e9e<br \/>\n<br \/>&#8211; Coupe regular<\/p>\n","protected":false},"excerpt":{"rendered":"<p>&#8211; Jupe courte en satin de soie Femme &#8211; Imprim\u00e9 fleuri &#8211; Taille \u00e9lastiqu\u00e9e &#8211; \u00c9vas\u00e9e &#8211; Coupe regular<\/p>\n","protected":false},"featured_media":1475308,"comment_status":"open","ping_status":"closed","template":"","meta":[],"product_brand":[6868],"product_cat":[1756,1762],"product_tag":[2244],"acf":[],"_links":{"self":[{"href":"https:\/\/streetmarkets.fr\/app\/wp-json\/wp\/v2\/product\/1475307"}],"collection":[{"href":"https:\/\/streetmarkets.fr\/app\/wp-json\/wp\/v2\/product"}],"about":[{"href":"https:\/\/streetmarkets.fr\/app\/wp-json\/wp\/v2\/types\/product"}],"replies":[{"embeddable":true,"href":"https:\/\/streetmarkets.fr\/app\/wp-json\/wp\/v2\/comments?post=1475307"}],"wp:featuredmedia":[{"embeddable":true,"href":"https:\/\/streetmarkets.fr\/app\/wp-json\/wp\/v2\/media\/1475308"}],"wp:attachment":[{"href":"https:\/\/streetmarkets.fr\/app\/wp-json\/wp\/v2\/media?parent=1475307"}],"wp:term":[{"taxonomy":"product_brand","embeddable":true,"href":"https:\/\/streetmarkets.fr\/app\/wp-json\/wp\/v2\/product_brand?post=1475307"},{"taxonomy":"product_cat","embeddable":true,"href":"https:\/\/streetmarkets.fr\/app\/wp-json\/wp\/v2\/product_cat?post=1475307"},{"taxonomy":"product_tag","embeddable":true,"href":"https:\/\/streetmarkets.fr\/app\/wp-json\/wp\/v2\/product_tag?post=1475307"}],"curies":[{"name":"wp","href":"https:\/\/api.w.org\/{rel}","templated":true}]}}