{"id":1467773,"date":"2025-03-06T01:04:53","date_gmt":"2025-03-06T00:04:53","guid":{"rendered":"https:\/\/streetmarkets.fr\/app\/produit\/jean-jackie-s24-femme-medium-blue\/"},"modified":"2025-03-15T01:02:43","modified_gmt":"2025-03-15T00:02:43","slug":"jean-jackie-s24-femme-medium-blue","status":"publish","type":"product","link":"https:\/\/streetmarkets.fr\/app\/produit\/jean-jackie-s24-femme-medium-blue\/","title":{"rendered":"Jean Jackie (S24 \/ FEMME \/ Medium Blue)"},"content":{"rendered":"<p>Ce jean baggy adopte deux poches \u00e0 l&#8217;avant et \u00e0 l&#8217;arri\u00e8re et une fermeture zipp\u00e9e boutonn\u00e9e. Sa coupe large et ses d\u00e9tails futuristes en font une pi\u00e8ce incontournable pour une silhouette audacieuse et structur\u00e9e. Facile \u00e0 mixer, il s&#8217;associe \u00e0 une chemise fluide ou un sweatshirt casual.<br \/><br data-mce-fragment=\"1\">&#8211; Jean large en denim Femme<br \/>&#8211; Baggy<br data-mce-fragment=\"1\">&#8211; 2 poches avant et arri\u00e8re<br data-mce-fragment=\"1\">&#8211; Fermeture zipp\u00e9e et boutonn\u00e9e<\/p>\n","protected":false},"excerpt":{"rendered":"<p>Ce jean baggy adopte deux poches \u00e0 l&#8217;avant et \u00e0 l&#8217;arri\u00e8re et une fermeture zipp\u00e9e boutonn\u00e9e. Sa coupe large et ses d\u00e9tails futuristes en font une pi\u00e8ce incontournable pour une silhouette audacieuse et structur\u00e9e. Facile \u00e0 mixer, il s&#8217;associe \u00e0 une chemise fluide ou un sweatshirt casual.&#8211; Jean large en denim Femme&#8211; Baggy&#8211; 2 poches [&hellip;]<\/p>\n","protected":false},"featured_media":1467774,"comment_status":"open","ping_status":"closed","template":"","meta":[],"product_brand":[6868],"product_cat":[1756,1762],"product_tag":[2244],"acf":[],"_links":{"self":[{"href":"https:\/\/streetmarkets.fr\/app\/wp-json\/wp\/v2\/product\/1467773"}],"collection":[{"href":"https:\/\/streetmarkets.fr\/app\/wp-json\/wp\/v2\/product"}],"about":[{"href":"https:\/\/streetmarkets.fr\/app\/wp-json\/wp\/v2\/types\/product"}],"replies":[{"embeddable":true,"href":"https:\/\/streetmarkets.fr\/app\/wp-json\/wp\/v2\/comments?post=1467773"}],"wp:featuredmedia":[{"embeddable":true,"href":"https:\/\/streetmarkets.fr\/app\/wp-json\/wp\/v2\/media\/1467774"}],"wp:attachment":[{"href":"https:\/\/streetmarkets.fr\/app\/wp-json\/wp\/v2\/media?parent=1467773"}],"wp:term":[{"taxonomy":"product_brand","embeddable":true,"href":"https:\/\/streetmarkets.fr\/app\/wp-json\/wp\/v2\/product_brand?post=1467773"},{"taxonomy":"product_cat","embeddable":true,"href":"https:\/\/streetmarkets.fr\/app\/wp-json\/wp\/v2\/product_cat?post=1467773"},{"taxonomy":"product_tag","embeddable":true,"href":"https:\/\/streetmarkets.fr\/app\/wp-json\/wp\/v2\/product_tag?post=1467773"}],"curies":[{"name":"wp","href":"https:\/\/api.w.org\/{rel}","templated":true}]}}