{"id":1467185,"date":"2025-03-05T23:29:42","date_gmt":"2025-03-05T22:29:42","guid":{"rendered":"https:\/\/streetmarkets.fr\/app\/produit\/boucles-longues-comme-du-bolduc-dorees\/"},"modified":"2025-09-01T00:27:54","modified_gmt":"2025-08-31T22:27:54","slug":"boucles-longues-comme-du-bolduc-dorees","status":"publish","type":"product","link":"https:\/\/streetmarkets.fr\/app\/produit\/boucles-longues-comme-du-bolduc-dorees\/","title":{"rendered":"Boucles longues comme du bolduc (dor\u00e9es)"},"content":{"rendered":"<p>Tr\u00e8s l\u00e9g\u00e8res. Tr\u00e8s festives<\/p>\n","protected":false},"excerpt":{"rendered":"<p>Tr\u00e8s l\u00e9g\u00e8res. Tr\u00e8s festives<\/p>\n","protected":false},"featured_media":1467186,"comment_status":"open","ping_status":"closed","template":"","meta":[],"product_brand":[],"product_cat":[1807,1756],"product_tag":[1811],"acf":[],"_links":{"self":[{"href":"https:\/\/streetmarkets.fr\/app\/wp-json\/wp\/v2\/product\/1467185"}],"collection":[{"href":"https:\/\/streetmarkets.fr\/app\/wp-json\/wp\/v2\/product"}],"about":[{"href":"https:\/\/streetmarkets.fr\/app\/wp-json\/wp\/v2\/types\/product"}],"replies":[{"embeddable":true,"href":"https:\/\/streetmarkets.fr\/app\/wp-json\/wp\/v2\/comments?post=1467185"}],"wp:featuredmedia":[{"embeddable":true,"href":"https:\/\/streetmarkets.fr\/app\/wp-json\/wp\/v2\/media\/1467186"}],"wp:attachment":[{"href":"https:\/\/streetmarkets.fr\/app\/wp-json\/wp\/v2\/media?parent=1467185"}],"wp:term":[{"taxonomy":"product_brand","embeddable":true,"href":"https:\/\/streetmarkets.fr\/app\/wp-json\/wp\/v2\/product_brand?post=1467185"},{"taxonomy":"product_cat","embeddable":true,"href":"https:\/\/streetmarkets.fr\/app\/wp-json\/wp\/v2\/product_cat?post=1467185"},{"taxonomy":"product_tag","embeddable":true,"href":"https:\/\/streetmarkets.fr\/app\/wp-json\/wp\/v2\/product_tag?post=1467185"}],"curies":[{"name":"wp","href":"https:\/\/api.w.org\/{rel}","templated":true}]}}