{"id":1467137,"date":"2025-03-05T23:29:38","date_gmt":"2025-03-05T22:29:38","guid":{"rendered":"https:\/\/streetmarkets.fr\/app\/produit\/boucles-charleston-noires\/"},"modified":"2025-09-01T00:27:53","modified_gmt":"2025-08-31T22:27:53","slug":"boucles-charleston-noires","status":"publish","type":"product","link":"https:\/\/streetmarkets.fr\/app\/produit\/boucles-charleston-noires\/","title":{"rendered":"Boucles charleston noires"},"content":{"rendered":"<p>Strass mat et acier pour ce mod\u00e8le tr\u00e8s l\u00e9ger<\/p>\n","protected":false},"excerpt":{"rendered":"<p>Strass mat et acier pour ce mod\u00e8le tr\u00e8s l\u00e9ger<\/p>\n","protected":false},"featured_media":1467138,"comment_status":"open","ping_status":"closed","template":"","meta":[],"product_brand":[],"product_cat":[1807,1756],"product_tag":[1811],"acf":[],"_links":{"self":[{"href":"https:\/\/streetmarkets.fr\/app\/wp-json\/wp\/v2\/product\/1467137"}],"collection":[{"href":"https:\/\/streetmarkets.fr\/app\/wp-json\/wp\/v2\/product"}],"about":[{"href":"https:\/\/streetmarkets.fr\/app\/wp-json\/wp\/v2\/types\/product"}],"replies":[{"embeddable":true,"href":"https:\/\/streetmarkets.fr\/app\/wp-json\/wp\/v2\/comments?post=1467137"}],"wp:featuredmedia":[{"embeddable":true,"href":"https:\/\/streetmarkets.fr\/app\/wp-json\/wp\/v2\/media\/1467138"}],"wp:attachment":[{"href":"https:\/\/streetmarkets.fr\/app\/wp-json\/wp\/v2\/media?parent=1467137"}],"wp:term":[{"taxonomy":"product_brand","embeddable":true,"href":"https:\/\/streetmarkets.fr\/app\/wp-json\/wp\/v2\/product_brand?post=1467137"},{"taxonomy":"product_cat","embeddable":true,"href":"https:\/\/streetmarkets.fr\/app\/wp-json\/wp\/v2\/product_cat?post=1467137"},{"taxonomy":"product_tag","embeddable":true,"href":"https:\/\/streetmarkets.fr\/app\/wp-json\/wp\/v2\/product_tag?post=1467137"}],"curies":[{"name":"wp","href":"https:\/\/api.w.org\/{rel}","templated":true}]}}