{"id":1467130,"date":"2025-03-05T23:29:37","date_gmt":"2025-03-05T22:29:37","guid":{"rendered":"https:\/\/streetmarkets.fr\/app\/produit\/boucles-grandes-creoles-legeres-argentees\/"},"modified":"2025-09-01T00:27:52","modified_gmt":"2025-08-31T22:27:52","slug":"boucles-grandes-creoles-legeres-argentees","status":"publish","type":"product","link":"https:\/\/streetmarkets.fr\/app\/produit\/boucles-grandes-creoles-legeres-argentees\/","title":{"rendered":"Boucles grandes cr\u00e9oles l\u00e9g\u00e8res argent\u00e9es"},"content":{"rendered":"<p>Creoles grand mod\u00e8le 7,5cm diam\u00e8tre<\/p>\n<p>un classique &#8230;<\/p>\n","protected":false},"excerpt":{"rendered":"<p>Creoles grand mod\u00e8le 7,5cm diam\u00e8tre un classique &#8230;<\/p>\n","protected":false},"featured_media":1467131,"comment_status":"open","ping_status":"closed","template":"","meta":[],"product_brand":[],"product_cat":[1807,1756],"product_tag":[1811],"acf":[],"_links":{"self":[{"href":"https:\/\/streetmarkets.fr\/app\/wp-json\/wp\/v2\/product\/1467130"}],"collection":[{"href":"https:\/\/streetmarkets.fr\/app\/wp-json\/wp\/v2\/product"}],"about":[{"href":"https:\/\/streetmarkets.fr\/app\/wp-json\/wp\/v2\/types\/product"}],"replies":[{"embeddable":true,"href":"https:\/\/streetmarkets.fr\/app\/wp-json\/wp\/v2\/comments?post=1467130"}],"wp:featuredmedia":[{"embeddable":true,"href":"https:\/\/streetmarkets.fr\/app\/wp-json\/wp\/v2\/media\/1467131"}],"wp:attachment":[{"href":"https:\/\/streetmarkets.fr\/app\/wp-json\/wp\/v2\/media?parent=1467130"}],"wp:term":[{"taxonomy":"product_brand","embeddable":true,"href":"https:\/\/streetmarkets.fr\/app\/wp-json\/wp\/v2\/product_brand?post=1467130"},{"taxonomy":"product_cat","embeddable":true,"href":"https:\/\/streetmarkets.fr\/app\/wp-json\/wp\/v2\/product_cat?post=1467130"},{"taxonomy":"product_tag","embeddable":true,"href":"https:\/\/streetmarkets.fr\/app\/wp-json\/wp\/v2\/product_tag?post=1467130"}],"curies":[{"name":"wp","href":"https:\/\/api.w.org\/{rel}","templated":true}]}}