{"id":1466883,"date":"2025-03-05T23:28:12","date_gmt":"2025-03-05T22:28:12","guid":{"rendered":"https:\/\/streetmarkets.fr\/app\/produit\/broche-tissee-a-la-main-croix-bleu\/"},"modified":"2025-09-01T00:27:36","modified_gmt":"2025-08-31T22:27:36","slug":"broche-tissee-a-la-main-croix-bleu","status":"publish","type":"product","link":"https:\/\/streetmarkets.fr\/app\/produit\/broche-tissee-a-la-main-croix-bleu\/","title":{"rendered":"Broche tiss\u00e9e \u00e0 la main Croix bleu"},"content":{"rendered":"<p>Broche tiss\u00e9e \u00e0 la main.<\/p>\n<p>Verso en cuir. Fil de coton, fil de laiton, strass et perles.<\/p>\n<p>Dessin\u00e9e en France.<\/p>\n<p>Id\u00e9al pour veste, pull ou manteau.<\/p>\n<p>&nbsp;<\/p>\n<p>&nbsp;<\/p>\n<p>&nbsp;<\/p>\n<p>&nbsp;<\/p>\n","protected":false},"excerpt":{"rendered":"<p>Broche tiss\u00e9e \u00e0 la main. Verso en cuir. Fil de coton, fil de laiton, strass et perles. Dessin\u00e9e en France. Id\u00e9al pour veste, pull ou manteau. &nbsp; &nbsp; &nbsp; &nbsp;<\/p>\n","protected":false},"featured_media":1466884,"comment_status":"open","ping_status":"closed","template":"","meta":[],"product_brand":[],"product_cat":[1756,1764],"product_tag":[1811],"acf":[],"_links":{"self":[{"href":"https:\/\/streetmarkets.fr\/app\/wp-json\/wp\/v2\/product\/1466883"}],"collection":[{"href":"https:\/\/streetmarkets.fr\/app\/wp-json\/wp\/v2\/product"}],"about":[{"href":"https:\/\/streetmarkets.fr\/app\/wp-json\/wp\/v2\/types\/product"}],"replies":[{"embeddable":true,"href":"https:\/\/streetmarkets.fr\/app\/wp-json\/wp\/v2\/comments?post=1466883"}],"wp:featuredmedia":[{"embeddable":true,"href":"https:\/\/streetmarkets.fr\/app\/wp-json\/wp\/v2\/media\/1466884"}],"wp:attachment":[{"href":"https:\/\/streetmarkets.fr\/app\/wp-json\/wp\/v2\/media?parent=1466883"}],"wp:term":[{"taxonomy":"product_brand","embeddable":true,"href":"https:\/\/streetmarkets.fr\/app\/wp-json\/wp\/v2\/product_brand?post=1466883"},{"taxonomy":"product_cat","embeddable":true,"href":"https:\/\/streetmarkets.fr\/app\/wp-json\/wp\/v2\/product_cat?post=1466883"},{"taxonomy":"product_tag","embeddable":true,"href":"https:\/\/streetmarkets.fr\/app\/wp-json\/wp\/v2\/product_tag?post=1466883"}],"curies":[{"name":"wp","href":"https:\/\/api.w.org\/{rel}","templated":true}]}}