{"id":1466878,"date":"2025-03-05T23:28:11","date_gmt":"2025-03-05T22:28:11","guid":{"rendered":"https:\/\/streetmarkets.fr\/app\/produit\/boucles-doreilles-clip-frida-noire\/"},"modified":"2025-09-01T00:27:36","modified_gmt":"2025-08-31T22:27:36","slug":"boucles-doreilles-clip-frida-noire","status":"publish","type":"product","link":"https:\/\/streetmarkets.fr\/app\/produit\/boucles-doreilles-clip-frida-noire\/","title":{"rendered":"Boucles d&rsquo;oreilles CLIP Frida noire"},"content":{"rendered":"<p>Boucles d&rsquo;oreilles clip (ou perc\u00e9es). L\u00e9g\u00e8res.<\/p>\n<p>Mati\u00e8re : \u00a0bois (et accroche r\u00e9sine)<\/p>\n<p>Dessin\u00e9es et fabriqu\u00e9es en France.<\/p>\n<p>&nbsp;<\/p>\n<p>&nbsp;<\/p>\n<p>Cr\u00e9ation fran\u00e7aise par le sp\u00e9cialiste des boucles CLIP : ne font pas mal aux oreilles.<\/p>\n<p>Et possibilit\u00e9 de vous les passer gratuitement en mode &lsquo;oreilles <strong>perc\u00e9es<\/strong>&lsquo; si vous n \u00eates pas convaincu.<\/p>\n<p>&nbsp;<\/p>\n","protected":false},"excerpt":{"rendered":"<p>Boucles d&rsquo;oreilles clip (ou perc\u00e9es). L\u00e9g\u00e8res. Mati\u00e8re : \u00a0bois (et accroche r\u00e9sine) Dessin\u00e9es et fabriqu\u00e9es en France. &nbsp; &nbsp; Cr\u00e9ation fran\u00e7aise par le sp\u00e9cialiste des boucles CLIP : ne font pas mal aux oreilles. Et possibilit\u00e9 de vous les passer gratuitement en mode &lsquo;oreilles perc\u00e9es&lsquo; si vous n \u00eates pas convaincu. &nbsp;<\/p>\n","protected":false},"featured_media":1466879,"comment_status":"open","ping_status":"closed","template":"","meta":[],"product_brand":[],"product_cat":[1807,1756],"product_tag":[1811],"acf":[],"_links":{"self":[{"href":"https:\/\/streetmarkets.fr\/app\/wp-json\/wp\/v2\/product\/1466878"}],"collection":[{"href":"https:\/\/streetmarkets.fr\/app\/wp-json\/wp\/v2\/product"}],"about":[{"href":"https:\/\/streetmarkets.fr\/app\/wp-json\/wp\/v2\/types\/product"}],"replies":[{"embeddable":true,"href":"https:\/\/streetmarkets.fr\/app\/wp-json\/wp\/v2\/comments?post=1466878"}],"wp:featuredmedia":[{"embeddable":true,"href":"https:\/\/streetmarkets.fr\/app\/wp-json\/wp\/v2\/media\/1466879"}],"wp:attachment":[{"href":"https:\/\/streetmarkets.fr\/app\/wp-json\/wp\/v2\/media?parent=1466878"}],"wp:term":[{"taxonomy":"product_brand","embeddable":true,"href":"https:\/\/streetmarkets.fr\/app\/wp-json\/wp\/v2\/product_brand?post=1466878"},{"taxonomy":"product_cat","embeddable":true,"href":"https:\/\/streetmarkets.fr\/app\/wp-json\/wp\/v2\/product_cat?post=1466878"},{"taxonomy":"product_tag","embeddable":true,"href":"https:\/\/streetmarkets.fr\/app\/wp-json\/wp\/v2\/product_tag?post=1466878"}],"curies":[{"name":"wp","href":"https:\/\/api.w.org\/{rel}","templated":true}]}}