{"id":1466842,"date":"2025-03-05T23:28:09","date_gmt":"2025-03-05T22:28:09","guid":{"rendered":"https:\/\/streetmarkets.fr\/app\/produit\/raphia-100-modele-kapity-large-the\/"},"modified":"2025-09-01T00:27:35","modified_gmt":"2025-08-31T22:27:35","slug":"raphia-100-modele-kapity-large-the","status":"publish","type":"product","link":"https:\/\/streetmarkets.fr\/app\/produit\/raphia-100-modele-kapity-large-the\/","title":{"rendered":"Raphia 100% mod\u00e8le Kapity large Th\u00e9"},"content":{"rendered":"<div>Grand cabas \u00e0 porter. En hiver se plie et se range facilement. Sinon peut \u00eatre utilis\u00e9 en d\u00e9coration pour du rangement (plaids, \u00e9charpes et bonnets, &#8230;).<\/div>\n<p>Dessin\u00e9 en France. Artisanat de Madagascar. Fait \u00e0 la main.<\/p>\n<p>&nbsp;<\/p>\n<p>&nbsp;<\/p>\n<p>Sac en raphia avec tr\u00e8s beau et simple tissage.<\/p>\n<p>Une pochette plaqu\u00e9e en tissu \u00e0 l int\u00e9rieur pour de la discr\u00e9tion.<\/p>\n<p>Raphia d&rsquo;excellente qualit\u00e9 : r\u00e9sistant, souple et n&rsquo;abime pas les v\u00eatements.<\/p>\n","protected":false},"excerpt":{"rendered":"<p>Grand cabas \u00e0 porter. En hiver se plie et se range facilement. Sinon peut \u00eatre utilis\u00e9 en d\u00e9coration pour du rangement (plaids, \u00e9charpes et bonnets, &#8230;). Dessin\u00e9 en France. Artisanat de Madagascar. Fait \u00e0 la main. &nbsp; &nbsp; Sac en raphia avec tr\u00e8s beau et simple tissage. Une pochette plaqu\u00e9e en tissu \u00e0 l int\u00e9rieur [&hellip;]<\/p>\n","protected":false},"featured_media":1466843,"comment_status":"open","ping_status":"closed","template":"","meta":[],"product_brand":[],"product_cat":[1756,1764],"product_tag":[1811],"acf":[],"_links":{"self":[{"href":"https:\/\/streetmarkets.fr\/app\/wp-json\/wp\/v2\/product\/1466842"}],"collection":[{"href":"https:\/\/streetmarkets.fr\/app\/wp-json\/wp\/v2\/product"}],"about":[{"href":"https:\/\/streetmarkets.fr\/app\/wp-json\/wp\/v2\/types\/product"}],"replies":[{"embeddable":true,"href":"https:\/\/streetmarkets.fr\/app\/wp-json\/wp\/v2\/comments?post=1466842"}],"wp:featuredmedia":[{"embeddable":true,"href":"https:\/\/streetmarkets.fr\/app\/wp-json\/wp\/v2\/media\/1466843"}],"wp:attachment":[{"href":"https:\/\/streetmarkets.fr\/app\/wp-json\/wp\/v2\/media?parent=1466842"}],"wp:term":[{"taxonomy":"product_brand","embeddable":true,"href":"https:\/\/streetmarkets.fr\/app\/wp-json\/wp\/v2\/product_brand?post=1466842"},{"taxonomy":"product_cat","embeddable":true,"href":"https:\/\/streetmarkets.fr\/app\/wp-json\/wp\/v2\/product_cat?post=1466842"},{"taxonomy":"product_tag","embeddable":true,"href":"https:\/\/streetmarkets.fr\/app\/wp-json\/wp\/v2\/product_tag?post=1466842"}],"curies":[{"name":"wp","href":"https:\/\/api.w.org\/{rel}","templated":true}]}}