{"id":1466818,"date":"2025-03-05T23:28:07","date_gmt":"2025-03-05T22:28:07","guid":{"rendered":"https:\/\/streetmarkets.fr\/app\/produit\/bracelet-jonc-tisse-rouge\/"},"modified":"2025-09-01T00:27:35","modified_gmt":"2025-08-31T22:27:35","slug":"bracelet-jonc-tisse-rouge","status":"publish","type":"product","link":"https:\/\/streetmarkets.fr\/app\/produit\/bracelet-jonc-tisse-rouge\/","title":{"rendered":"Bracelet jonc tiss\u00e9 Rouge"},"content":{"rendered":"<p>Jonc tiss\u00e9. Base en cuir. Mod\u00e8le tr\u00e8s l\u00e9ger et agr\u00e9able \u00e0 porter. Se porte aussi \u00e0 plusieurs.<\/p>\n<p>Cr\u00e9ation fran\u00e7aise, faites en Inde.<\/p>\n<p>&nbsp;<\/p>\n<p>&nbsp;<\/p>\n<p>&nbsp;<\/p>\n<p>&nbsp;<\/p>\n<p>&nbsp;<\/p>\n","protected":false},"excerpt":{"rendered":"<p>Jonc tiss\u00e9. Base en cuir. Mod\u00e8le tr\u00e8s l\u00e9ger et agr\u00e9able \u00e0 porter. Se porte aussi \u00e0 plusieurs. Cr\u00e9ation fran\u00e7aise, faites en Inde. &nbsp; &nbsp; &nbsp; &nbsp; &nbsp;<\/p>\n","protected":false},"featured_media":1466819,"comment_status":"open","ping_status":"closed","template":"","meta":[],"product_brand":[],"product_cat":[1807,1756],"product_tag":[1811],"acf":[],"_links":{"self":[{"href":"https:\/\/streetmarkets.fr\/app\/wp-json\/wp\/v2\/product\/1466818"}],"collection":[{"href":"https:\/\/streetmarkets.fr\/app\/wp-json\/wp\/v2\/product"}],"about":[{"href":"https:\/\/streetmarkets.fr\/app\/wp-json\/wp\/v2\/types\/product"}],"replies":[{"embeddable":true,"href":"https:\/\/streetmarkets.fr\/app\/wp-json\/wp\/v2\/comments?post=1466818"}],"wp:featuredmedia":[{"embeddable":true,"href":"https:\/\/streetmarkets.fr\/app\/wp-json\/wp\/v2\/media\/1466819"}],"wp:attachment":[{"href":"https:\/\/streetmarkets.fr\/app\/wp-json\/wp\/v2\/media?parent=1466818"}],"wp:term":[{"taxonomy":"product_brand","embeddable":true,"href":"https:\/\/streetmarkets.fr\/app\/wp-json\/wp\/v2\/product_brand?post=1466818"},{"taxonomy":"product_cat","embeddable":true,"href":"https:\/\/streetmarkets.fr\/app\/wp-json\/wp\/v2\/product_cat?post=1466818"},{"taxonomy":"product_tag","embeddable":true,"href":"https:\/\/streetmarkets.fr\/app\/wp-json\/wp\/v2\/product_tag?post=1466818"}],"curies":[{"name":"wp","href":"https:\/\/api.w.org\/{rel}","templated":true}]}}