{"id":1466807,"date":"2025-03-05T23:28:06","date_gmt":"2025-03-05T22:28:06","guid":{"rendered":"https:\/\/streetmarkets.fr\/app\/produit\/boucle-doreilles-snake-vermeil-claris-virot-a-paire\/"},"modified":"2025-09-01T00:27:34","modified_gmt":"2025-08-31T22:27:34","slug":"boucle-doreilles-snake-vermeil-claris-virot-a-paire","status":"publish","type":"product","link":"https:\/\/streetmarkets.fr\/app\/produit\/boucle-doreilles-snake-vermeil-claris-virot-a-paire\/","title":{"rendered":"Boucle d&rsquo;oreilles Snake vermeil Claris Virot (a paire)"},"content":{"rendered":"<p>Boucle vendue \u00e0 l unit\u00e9. Vermeil. Marque Claris Virot.<\/p>\n<p>Faite \u00e0 la main \u00e0 Bali.<\/p>\n<p>Existe en argent massif<\/p>\n<p>&nbsp;<\/p>\n<p>&nbsp;<\/p>\n<p>&nbsp;<\/p>\n<p>&nbsp;<\/p>\n","protected":false},"excerpt":{"rendered":"<p>Boucle vendue \u00e0 l unit\u00e9. Vermeil. Marque Claris Virot. Faite \u00e0 la main \u00e0 Bali. Existe en argent massif &nbsp; &nbsp; &nbsp; &nbsp;<\/p>\n","protected":false},"featured_media":1466808,"comment_status":"open","ping_status":"closed","template":"","meta":[],"product_brand":[],"product_cat":[1807,1756],"product_tag":[1811],"acf":[],"_links":{"self":[{"href":"https:\/\/streetmarkets.fr\/app\/wp-json\/wp\/v2\/product\/1466807"}],"collection":[{"href":"https:\/\/streetmarkets.fr\/app\/wp-json\/wp\/v2\/product"}],"about":[{"href":"https:\/\/streetmarkets.fr\/app\/wp-json\/wp\/v2\/types\/product"}],"replies":[{"embeddable":true,"href":"https:\/\/streetmarkets.fr\/app\/wp-json\/wp\/v2\/comments?post=1466807"}],"wp:featuredmedia":[{"embeddable":true,"href":"https:\/\/streetmarkets.fr\/app\/wp-json\/wp\/v2\/media\/1466808"}],"wp:attachment":[{"href":"https:\/\/streetmarkets.fr\/app\/wp-json\/wp\/v2\/media?parent=1466807"}],"wp:term":[{"taxonomy":"product_brand","embeddable":true,"href":"https:\/\/streetmarkets.fr\/app\/wp-json\/wp\/v2\/product_brand?post=1466807"},{"taxonomy":"product_cat","embeddable":true,"href":"https:\/\/streetmarkets.fr\/app\/wp-json\/wp\/v2\/product_cat?post=1466807"},{"taxonomy":"product_tag","embeddable":true,"href":"https:\/\/streetmarkets.fr\/app\/wp-json\/wp\/v2\/product_tag?post=1466807"}],"curies":[{"name":"wp","href":"https:\/\/api.w.org\/{rel}","templated":true}]}}