{"id":1466769,"date":"2025-03-05T23:28:03","date_gmt":"2025-03-05T22:28:03","guid":{"rendered":"https:\/\/streetmarkets.fr\/app\/produit\/raphia-100-mousse-medium-noir\/"},"modified":"2025-09-01T00:27:33","modified_gmt":"2025-08-31T22:27:33","slug":"raphia-100-mousse-medium-noir","status":"publish","type":"product","link":"https:\/\/streetmarkets.fr\/app\/produit\/raphia-100-mousse-medium-noir\/","title":{"rendered":"Raphia 100% Mousse M\u00e9dium Noir"},"content":{"rendered":"<div>Dimensions : \u00a023cm hauteur x 22cm \u00a0fond (diam\u00e8tre)<\/div>\n<div>Ances \u00e9paules<\/div>\n<div>Une petite pochette amovible qui se ferme est fournie avec le sac (taille portefeuille).<\/div>\n<p>Dessin\u00e9 en France. Artisanat de Madagascar. Fait \u00e0 la main.<\/p>\n<p>&nbsp;<\/p>\n<p>&nbsp;<\/p>\n<p>Sac en raphia \u00e0 porter et \u00e0 utiliser en d\u00e9coration d&rsquo;int\u00e9rieur.<\/p>\n<p>Raphia d&rsquo;excellente qualit\u00e9 : r\u00e9sistant, souple et n&rsquo;abime pas les v\u00eatements. R\u00e9siste dans le temps.<\/p>\n","protected":false},"excerpt":{"rendered":"<p>Dimensions : \u00a023cm hauteur x 22cm \u00a0fond (diam\u00e8tre) Ances \u00e9paules Une petite pochette amovible qui se ferme est fournie avec le sac (taille portefeuille). Dessin\u00e9 en France. Artisanat de Madagascar. Fait \u00e0 la main. &nbsp; &nbsp; Sac en raphia \u00e0 porter et \u00e0 utiliser en d\u00e9coration d&rsquo;int\u00e9rieur. Raphia d&rsquo;excellente qualit\u00e9 : r\u00e9sistant, souple et n&rsquo;abime [&hellip;]<\/p>\n","protected":false},"featured_media":1466770,"comment_status":"open","ping_status":"closed","template":"","meta":[],"product_brand":[],"product_cat":[1756,1764],"product_tag":[1811],"acf":[],"_links":{"self":[{"href":"https:\/\/streetmarkets.fr\/app\/wp-json\/wp\/v2\/product\/1466769"}],"collection":[{"href":"https:\/\/streetmarkets.fr\/app\/wp-json\/wp\/v2\/product"}],"about":[{"href":"https:\/\/streetmarkets.fr\/app\/wp-json\/wp\/v2\/types\/product"}],"replies":[{"embeddable":true,"href":"https:\/\/streetmarkets.fr\/app\/wp-json\/wp\/v2\/comments?post=1466769"}],"wp:featuredmedia":[{"embeddable":true,"href":"https:\/\/streetmarkets.fr\/app\/wp-json\/wp\/v2\/media\/1466770"}],"wp:attachment":[{"href":"https:\/\/streetmarkets.fr\/app\/wp-json\/wp\/v2\/media?parent=1466769"}],"wp:term":[{"taxonomy":"product_brand","embeddable":true,"href":"https:\/\/streetmarkets.fr\/app\/wp-json\/wp\/v2\/product_brand?post=1466769"},{"taxonomy":"product_cat","embeddable":true,"href":"https:\/\/streetmarkets.fr\/app\/wp-json\/wp\/v2\/product_cat?post=1466769"},{"taxonomy":"product_tag","embeddable":true,"href":"https:\/\/streetmarkets.fr\/app\/wp-json\/wp\/v2\/product_tag?post=1466769"}],"curies":[{"name":"wp","href":"https:\/\/api.w.org\/{rel}","templated":true}]}}