{"id":1466760,"date":"2025-03-05T23:27:26","date_gmt":"2025-03-05T22:27:26","guid":{"rendered":"https:\/\/streetmarkets.fr\/app\/produit\/lunettes-de-soleil-izipizi\/"},"modified":"2025-09-01T00:27:33","modified_gmt":"2025-08-31T22:27:33","slug":"lunettes-de-soleil-izipizi","status":"publish","type":"product","link":"https:\/\/streetmarkets.fr\/app\/produit\/lunettes-de-soleil-izipizi\/","title":{"rendered":"Lunettes de soleil Izipizi"},"content":{"rendered":"<p>Lunettes de soleil, verres cat\u00e9gorie 3.<\/p>\n<p>Plusieurs formes propos\u00e9es, plusieurs couleurs, passez \u00e0 la boutique (15 Rue Keller) ou me contacter en MP pour savoir les disponibilit\u00e9s.<\/p>\n<p>&nbsp;<\/p>\n<p>&nbsp;<\/p>\n<p>&nbsp;<\/p>\n<p>&nbsp;<\/p>\n<p>&nbsp;<\/p>\n","protected":false},"excerpt":{"rendered":"<p>Lunettes de soleil, verres cat\u00e9gorie 3. Plusieurs formes propos\u00e9es, plusieurs couleurs, passez \u00e0 la boutique (15 Rue Keller) ou me contacter en MP pour savoir les disponibilit\u00e9s. &nbsp; &nbsp; &nbsp; &nbsp; &nbsp;<\/p>\n","protected":false},"featured_media":1466761,"comment_status":"open","ping_status":"closed","template":"","meta":[],"product_brand":[7129],"product_cat":[1756,1764],"product_tag":[1811],"acf":[],"_links":{"self":[{"href":"https:\/\/streetmarkets.fr\/app\/wp-json\/wp\/v2\/product\/1466760"}],"collection":[{"href":"https:\/\/streetmarkets.fr\/app\/wp-json\/wp\/v2\/product"}],"about":[{"href":"https:\/\/streetmarkets.fr\/app\/wp-json\/wp\/v2\/types\/product"}],"replies":[{"embeddable":true,"href":"https:\/\/streetmarkets.fr\/app\/wp-json\/wp\/v2\/comments?post=1466760"}],"wp:featuredmedia":[{"embeddable":true,"href":"https:\/\/streetmarkets.fr\/app\/wp-json\/wp\/v2\/media\/1466761"}],"wp:attachment":[{"href":"https:\/\/streetmarkets.fr\/app\/wp-json\/wp\/v2\/media?parent=1466760"}],"wp:term":[{"taxonomy":"product_brand","embeddable":true,"href":"https:\/\/streetmarkets.fr\/app\/wp-json\/wp\/v2\/product_brand?post=1466760"},{"taxonomy":"product_cat","embeddable":true,"href":"https:\/\/streetmarkets.fr\/app\/wp-json\/wp\/v2\/product_cat?post=1466760"},{"taxonomy":"product_tag","embeddable":true,"href":"https:\/\/streetmarkets.fr\/app\/wp-json\/wp\/v2\/product_tag?post=1466760"}],"curies":[{"name":"wp","href":"https:\/\/api.w.org\/{rel}","templated":true}]}}