{"id":1466735,"date":"2025-03-05T23:27:25","date_gmt":"2025-03-05T22:27:25","guid":{"rendered":"https:\/\/streetmarkets.fr\/app\/produit\/portecles-100-cuir-spiruline-tannage-vegetal\/"},"modified":"2025-09-01T00:27:32","modified_gmt":"2025-08-31T22:27:32","slug":"portecles-100-cuir-spiruline-tannage-vegetal","status":"publish","type":"product","link":"https:\/\/streetmarkets.fr\/app\/produit\/portecles-100-cuir-spiruline-tannage-vegetal\/","title":{"rendered":"Portecl\u00e9s 100% cuir Spiruline (Tannage v\u00e9g\u00e9tal)"},"content":{"rendered":"<p>Mati\u00e8re : \u00a0100% cuir made in France. Tannage v\u00e9g\u00e9tal.<\/p>\n<p>Longueur : 11,5 cm<\/p>\n<p>Dessin\u00e9 et fabriqu\u00e9 en France<\/p>\n<p>&nbsp;<\/p>\n<p>&nbsp;<\/p>\n<p>Tr\u00e8s belle qualit\u00e9 de cuir fran\u00e7ais.<\/p>\n<p>Isabelle Varin inscrit d&rsquo;un c\u00f4t\u00e9.<\/p>\n<p>Made in France de l&rsquo;autre c\u00f4t\u00e9.<\/p>\n<p>&nbsp;<\/p>\n<p>&nbsp;<\/p>\n","protected":false},"excerpt":{"rendered":"<p>Mati\u00e8re : \u00a0100% cuir made in France. Tannage v\u00e9g\u00e9tal. Longueur : 11,5 cm Dessin\u00e9 et fabriqu\u00e9 en France &nbsp; &nbsp; Tr\u00e8s belle qualit\u00e9 de cuir fran\u00e7ais. Isabelle Varin inscrit d&rsquo;un c\u00f4t\u00e9. Made in France de l&rsquo;autre c\u00f4t\u00e9. &nbsp; &nbsp;<\/p>\n","protected":false},"featured_media":1466736,"comment_status":"open","ping_status":"closed","template":"","meta":[],"product_brand":[],"product_cat":[1756,1764],"product_tag":[1811],"acf":[],"_links":{"self":[{"href":"https:\/\/streetmarkets.fr\/app\/wp-json\/wp\/v2\/product\/1466735"}],"collection":[{"href":"https:\/\/streetmarkets.fr\/app\/wp-json\/wp\/v2\/product"}],"about":[{"href":"https:\/\/streetmarkets.fr\/app\/wp-json\/wp\/v2\/types\/product"}],"replies":[{"embeddable":true,"href":"https:\/\/streetmarkets.fr\/app\/wp-json\/wp\/v2\/comments?post=1466735"}],"wp:featuredmedia":[{"embeddable":true,"href":"https:\/\/streetmarkets.fr\/app\/wp-json\/wp\/v2\/media\/1466736"}],"wp:attachment":[{"href":"https:\/\/streetmarkets.fr\/app\/wp-json\/wp\/v2\/media?parent=1466735"}],"wp:term":[{"taxonomy":"product_brand","embeddable":true,"href":"https:\/\/streetmarkets.fr\/app\/wp-json\/wp\/v2\/product_brand?post=1466735"},{"taxonomy":"product_cat","embeddable":true,"href":"https:\/\/streetmarkets.fr\/app\/wp-json\/wp\/v2\/product_cat?post=1466735"},{"taxonomy":"product_tag","embeddable":true,"href":"https:\/\/streetmarkets.fr\/app\/wp-json\/wp\/v2\/product_tag?post=1466735"}],"curies":[{"name":"wp","href":"https:\/\/api.w.org\/{rel}","templated":true}]}}