{"id":1466731,"date":"2025-03-05T23:27:24","date_gmt":"2025-03-05T22:27:24","guid":{"rendered":"https:\/\/streetmarkets.fr\/app\/produit\/boucles-doreilles-creoles-perles-vermeil\/"},"modified":"2025-09-01T00:27:32","modified_gmt":"2025-08-31T22:27:32","slug":"boucles-doreilles-creoles-perles-vermeil","status":"publish","type":"product","link":"https:\/\/streetmarkets.fr\/app\/produit\/boucles-doreilles-creoles-perles-vermeil\/","title":{"rendered":"Boucles d&rsquo;oreilles Cr\u00e9oles perles Vermeil"},"content":{"rendered":"<p>Boucles d\u00e9licatement pos\u00e9es sur les oreilles. Un cercle d\u00e9licatement perl\u00e9. Une jolie cr\u00e9ole face.<\/p>\n<p>Mati\u00e8re : \u00a0vermeil<\/p>\n<p>Diam\u00e8tre : 15 mm<\/p>\n<p>Dessin\u00e9es en France et faites en France<\/p>\n<p>&nbsp;<\/p>\n<p>&nbsp;<\/p>\n<p>Existent en chevali\u00e8re (argent massif 925\/1000 ou vermeil).<\/p>\n","protected":false},"excerpt":{"rendered":"<p>Boucles d\u00e9licatement pos\u00e9es sur les oreilles. Un cercle d\u00e9licatement perl\u00e9. Une jolie cr\u00e9ole face. Mati\u00e8re : \u00a0vermeil Diam\u00e8tre : 15 mm Dessin\u00e9es en France et faites en France &nbsp; &nbsp; Existent en chevali\u00e8re (argent massif 925\/1000 ou vermeil).<\/p>\n","protected":false},"featured_media":1466732,"comment_status":"open","ping_status":"closed","template":"","meta":[],"product_brand":[],"product_cat":[1807,1756],"product_tag":[1811],"acf":[],"_links":{"self":[{"href":"https:\/\/streetmarkets.fr\/app\/wp-json\/wp\/v2\/product\/1466731"}],"collection":[{"href":"https:\/\/streetmarkets.fr\/app\/wp-json\/wp\/v2\/product"}],"about":[{"href":"https:\/\/streetmarkets.fr\/app\/wp-json\/wp\/v2\/types\/product"}],"replies":[{"embeddable":true,"href":"https:\/\/streetmarkets.fr\/app\/wp-json\/wp\/v2\/comments?post=1466731"}],"wp:featuredmedia":[{"embeddable":true,"href":"https:\/\/streetmarkets.fr\/app\/wp-json\/wp\/v2\/media\/1466732"}],"wp:attachment":[{"href":"https:\/\/streetmarkets.fr\/app\/wp-json\/wp\/v2\/media?parent=1466731"}],"wp:term":[{"taxonomy":"product_brand","embeddable":true,"href":"https:\/\/streetmarkets.fr\/app\/wp-json\/wp\/v2\/product_brand?post=1466731"},{"taxonomy":"product_cat","embeddable":true,"href":"https:\/\/streetmarkets.fr\/app\/wp-json\/wp\/v2\/product_cat?post=1466731"},{"taxonomy":"product_tag","embeddable":true,"href":"https:\/\/streetmarkets.fr\/app\/wp-json\/wp\/v2\/product_tag?post=1466731"}],"curies":[{"name":"wp","href":"https:\/\/api.w.org\/{rel}","templated":true}]}}