{"id":1466720,"date":"2025-03-05T23:27:24","date_gmt":"2025-03-05T22:27:24","guid":{"rendered":"https:\/\/streetmarkets.fr\/app\/produit\/bague-gladdagh-coeur-vermeil-t53\/"},"modified":"2025-09-01T00:27:31","modified_gmt":"2025-08-31T22:27:31","slug":"bague-gladdagh-coeur-vermeil-t53","status":"publish","type":"product","link":"https:\/\/streetmarkets.fr\/app\/produit\/bague-gladdagh-coeur-vermeil-t53\/","title":{"rendered":"Bague Gladdagh Coeur vermeil (T53)"},"content":{"rendered":"<p>Bague Claddagh est orn\u00e9e d\u2019un coeur reposant entre deux mains.\u00a0Inspir\u00e9e des bagues du m\u00eame nom dont les premi\u00e8res esquisses remontent \u00e0 l\u2019Irlande du XVIe si\u00e8cle<\/p>\n<p>Coeur : 5mm<\/p>\n<p>Vermeil<\/p>\n<p>Sur pr\u00e9-commande (contact en direct ou appel), possibilit\u00e9 rapidement d&rsquo;avoir ce mod\u00e8le en argent 925 ou dans une autre taille.<\/p>\n<p>Dessin\u00e9e et faite en France.<\/p>\n<p>Existe en argent massif. Peuvent\u00a0\u00eatre command\u00e9es rapidement aussi dans une autre taille.<\/p>\n<p>&nbsp;<\/p>\n<p>&nbsp;<\/p>\n<p>&nbsp;<\/p>\n","protected":false},"excerpt":{"rendered":"<p>Bague Claddagh est orn\u00e9e d\u2019un coeur reposant entre deux mains.\u00a0Inspir\u00e9e des bagues du m\u00eame nom dont les premi\u00e8res esquisses remontent \u00e0 l\u2019Irlande du XVIe si\u00e8cle Coeur : 5mm Vermeil Sur pr\u00e9-commande (contact en direct ou appel), possibilit\u00e9 rapidement d&rsquo;avoir ce mod\u00e8le en argent 925 ou dans une autre taille. Dessin\u00e9e et faite en France. Existe [&hellip;]<\/p>\n","protected":false},"featured_media":1466721,"comment_status":"open","ping_status":"closed","template":"","meta":[],"product_brand":[],"product_cat":[1807,1756],"product_tag":[1811],"acf":[],"_links":{"self":[{"href":"https:\/\/streetmarkets.fr\/app\/wp-json\/wp\/v2\/product\/1466720"}],"collection":[{"href":"https:\/\/streetmarkets.fr\/app\/wp-json\/wp\/v2\/product"}],"about":[{"href":"https:\/\/streetmarkets.fr\/app\/wp-json\/wp\/v2\/types\/product"}],"replies":[{"embeddable":true,"href":"https:\/\/streetmarkets.fr\/app\/wp-json\/wp\/v2\/comments?post=1466720"}],"wp:featuredmedia":[{"embeddable":true,"href":"https:\/\/streetmarkets.fr\/app\/wp-json\/wp\/v2\/media\/1466721"}],"wp:attachment":[{"href":"https:\/\/streetmarkets.fr\/app\/wp-json\/wp\/v2\/media?parent=1466720"}],"wp:term":[{"taxonomy":"product_brand","embeddable":true,"href":"https:\/\/streetmarkets.fr\/app\/wp-json\/wp\/v2\/product_brand?post=1466720"},{"taxonomy":"product_cat","embeddable":true,"href":"https:\/\/streetmarkets.fr\/app\/wp-json\/wp\/v2\/product_cat?post=1466720"},{"taxonomy":"product_tag","embeddable":true,"href":"https:\/\/streetmarkets.fr\/app\/wp-json\/wp\/v2\/product_tag?post=1466720"}],"curies":[{"name":"wp","href":"https:\/\/api.w.org\/{rel}","templated":true}]}}