{"id":1466701,"date":"2025-03-05T23:27:23","date_gmt":"2025-03-05T22:27:23","guid":{"rendered":"https:\/\/streetmarkets.fr\/app\/produit\/portefeuille-en-100-cuir-bleu\/"},"modified":"2025-09-01T00:27:31","modified_gmt":"2025-08-31T22:27:31","slug":"portefeuille-en-100-cuir-bleu","status":"publish","type":"product","link":"https:\/\/streetmarkets.fr\/app\/produit\/portefeuille-en-100-cuir-bleu\/","title":{"rendered":"Portefeuille en 100% cuir Bleu"},"content":{"rendered":"<div>Portefeuille avec \u00e9lastique, diff\u00e9rent coloris, 4 fentes pour cartes de cr\u00e9dit, 1 poche multi-fonctionnelle pouvant notamment contenir une carte d\u2019Identit\u00e9, 1 poche \u00e0 billets, 1 poche de monnaie.<\/div>\n<div>Excellente qualit\u00e9 de cuir &lsquo;Cuir de Taurillon).<\/div>\n<div>Largeur : 11.5 cm<br \/>\nHauteur : 8.5 cm<\/div>\n<div>Dessin\u00e9 en France.<\/div>\n<p>&nbsp;<\/p>\n<p>Mod\u00e8le mixte. Plusieurs coloris.<\/p>\n<p>D\u00e9clin\u00e9 aussi en porte-cartes double de la m\u00eame taille (avec CNI) et en portecartes plus petit (sans CNI, seulement des cartes de cr\u00e9dit et billets).<\/p>\n<p>Elastique : tr\u00e8s pratique pour y ins\u00e9rer des papiers ou tickets de caisse, &#8230;<\/p>\n<p>&nbsp;<\/p>\n<p>&nbsp;<\/p>\n","protected":false},"excerpt":{"rendered":"<p>Portefeuille avec \u00e9lastique, diff\u00e9rent coloris, 4 fentes pour cartes de cr\u00e9dit, 1 poche multi-fonctionnelle pouvant notamment contenir une carte d\u2019Identit\u00e9, 1 poche \u00e0 billets, 1 poche de monnaie. Excellente qualit\u00e9 de cuir &lsquo;Cuir de Taurillon). Largeur : 11.5 cm Hauteur : 8.5 cm Dessin\u00e9 en France. &nbsp; Mod\u00e8le mixte. Plusieurs coloris. D\u00e9clin\u00e9 aussi en porte-cartes [&hellip;]<\/p>\n","protected":false},"featured_media":1466702,"comment_status":"open","ping_status":"closed","template":"","meta":[],"product_brand":[],"product_cat":[1756,1764],"product_tag":[1811],"acf":[],"_links":{"self":[{"href":"https:\/\/streetmarkets.fr\/app\/wp-json\/wp\/v2\/product\/1466701"}],"collection":[{"href":"https:\/\/streetmarkets.fr\/app\/wp-json\/wp\/v2\/product"}],"about":[{"href":"https:\/\/streetmarkets.fr\/app\/wp-json\/wp\/v2\/types\/product"}],"replies":[{"embeddable":true,"href":"https:\/\/streetmarkets.fr\/app\/wp-json\/wp\/v2\/comments?post=1466701"}],"wp:featuredmedia":[{"embeddable":true,"href":"https:\/\/streetmarkets.fr\/app\/wp-json\/wp\/v2\/media\/1466702"}],"wp:attachment":[{"href":"https:\/\/streetmarkets.fr\/app\/wp-json\/wp\/v2\/media?parent=1466701"}],"wp:term":[{"taxonomy":"product_brand","embeddable":true,"href":"https:\/\/streetmarkets.fr\/app\/wp-json\/wp\/v2\/product_brand?post=1466701"},{"taxonomy":"product_cat","embeddable":true,"href":"https:\/\/streetmarkets.fr\/app\/wp-json\/wp\/v2\/product_cat?post=1466701"},{"taxonomy":"product_tag","embeddable":true,"href":"https:\/\/streetmarkets.fr\/app\/wp-json\/wp\/v2\/product_tag?post=1466701"}],"curies":[{"name":"wp","href":"https:\/\/api.w.org\/{rel}","templated":true}]}}