{"id":1466688,"date":"2025-03-05T23:27:22","date_gmt":"2025-03-05T22:27:22","guid":{"rendered":"https:\/\/streetmarkets.fr\/app\/produit\/portecartes-double-100-cuir-soleil-avec-fermeture-elastique-petit\/"},"modified":"2025-09-01T00:27:30","modified_gmt":"2025-08-31T22:27:30","slug":"portecartes-double-100-cuir-soleil-avec-fermeture-elastique-petit","status":"publish","type":"product","link":"https:\/\/streetmarkets.fr\/app\/produit\/portecartes-double-100-cuir-soleil-avec-fermeture-elastique-petit\/","title":{"rendered":"Portecartes double 100% cuir Soleil avec fermeture \u00e9lastique (Petit)"},"content":{"rendered":"<p>Pi\u00e8ce incontournable de la s\u00e9lection de jolieboni car d&rsquo;excellente qualit\u00e9, l\u00e9ger, pratique et tr\u00e8s r\u00e9sistant. Mod\u00e8le mixte.<\/p>\n<p>100% cuir de taurillon. Se patine. Elastique tr\u00e8s r\u00e9sistant.<\/p>\n<p>Ce mod\u00e8le existe en plusieurs coloris. N h\u00e9sitez pas \u00e0 consulter les autres couleurs ou \u00e0 nous contacter.<\/p>\n<p>Dessin\u00e9 en France.<\/p>\n<p>Id\u00e9al pour cartes, tickets et papiers en tous genre.<\/p>\n<p>Mod\u00e8le best off pour les hommes \ud83d\ude42<\/p>\n<p>Existe en portefeuille double avec le compartiment &lsquo;pi\u00e8ces&rsquo;. Et la CNI.<\/p>\n<p>Existe en portecartes double avec la CNI.<\/p>\n","protected":false},"excerpt":{"rendered":"<p>Pi\u00e8ce incontournable de la s\u00e9lection de jolieboni car d&rsquo;excellente qualit\u00e9, l\u00e9ger, pratique et tr\u00e8s r\u00e9sistant. Mod\u00e8le mixte. 100% cuir de taurillon. Se patine. Elastique tr\u00e8s r\u00e9sistant. Ce mod\u00e8le existe en plusieurs coloris. N h\u00e9sitez pas \u00e0 consulter les autres couleurs ou \u00e0 nous contacter. Dessin\u00e9 en France. Id\u00e9al pour cartes, tickets et papiers en tous [&hellip;]<\/p>\n","protected":false},"featured_media":1466689,"comment_status":"open","ping_status":"closed","template":"","meta":[],"product_brand":[],"product_cat":[1756,1764],"product_tag":[1811],"acf":[],"_links":{"self":[{"href":"https:\/\/streetmarkets.fr\/app\/wp-json\/wp\/v2\/product\/1466688"}],"collection":[{"href":"https:\/\/streetmarkets.fr\/app\/wp-json\/wp\/v2\/product"}],"about":[{"href":"https:\/\/streetmarkets.fr\/app\/wp-json\/wp\/v2\/types\/product"}],"replies":[{"embeddable":true,"href":"https:\/\/streetmarkets.fr\/app\/wp-json\/wp\/v2\/comments?post=1466688"}],"wp:featuredmedia":[{"embeddable":true,"href":"https:\/\/streetmarkets.fr\/app\/wp-json\/wp\/v2\/media\/1466689"}],"wp:attachment":[{"href":"https:\/\/streetmarkets.fr\/app\/wp-json\/wp\/v2\/media?parent=1466688"}],"wp:term":[{"taxonomy":"product_brand","embeddable":true,"href":"https:\/\/streetmarkets.fr\/app\/wp-json\/wp\/v2\/product_brand?post=1466688"},{"taxonomy":"product_cat","embeddable":true,"href":"https:\/\/streetmarkets.fr\/app\/wp-json\/wp\/v2\/product_cat?post=1466688"},{"taxonomy":"product_tag","embeddable":true,"href":"https:\/\/streetmarkets.fr\/app\/wp-json\/wp\/v2\/product_tag?post=1466688"}],"curies":[{"name":"wp","href":"https:\/\/api.w.org\/{rel}","templated":true}]}}