{"id":1466672,"date":"2025-03-05T23:27:21","date_gmt":"2025-03-05T22:27:21","guid":{"rendered":"https:\/\/streetmarkets.fr\/app\/produit\/portecartes-double-gris\/"},"modified":"2025-09-01T00:27:07","modified_gmt":"2025-08-31T22:27:07","slug":"portecartes-double-gris","status":"publish","type":"product","link":"https:\/\/streetmarkets.fr\/app\/produit\/portecartes-double-gris\/","title":{"rendered":"Portecartes double gris"},"content":{"rendered":"<p>Mati\u00e8re : 1\u00e0\u00e0% cuir de taurillon. Elastique de fermeture.<\/p>\n<p>Longueur \u00a011,8 cm<\/p>\n<p>Largeur 8,8 cm<\/p>\n<p>Dessin\u00e9 en France.<\/p>\n<p>&nbsp;<\/p>\n<p>&nbsp;<\/p>\n<p>porte-cartes double et qui se tient avec un \u00e9lastique.<\/p>\n<p>tr\u00e8s belle marque de maroquinerie fran\u00e7aise.<\/p>\n<p>taille ajust\u00e9e pour la CNI fran\u00e7aise traditionnelle.<\/p>\n<p>&nbsp;<\/p>\n<p>&nbsp;<\/p>\n","protected":false},"excerpt":{"rendered":"<p>Mati\u00e8re : 1\u00e0\u00e0% cuir de taurillon. Elastique de fermeture. Longueur \u00a011,8 cm Largeur 8,8 cm Dessin\u00e9 en France. &nbsp; &nbsp; porte-cartes double et qui se tient avec un \u00e9lastique. tr\u00e8s belle marque de maroquinerie fran\u00e7aise. taille ajust\u00e9e pour la CNI fran\u00e7aise traditionnelle. &nbsp; &nbsp;<\/p>\n","protected":false},"featured_media":1466673,"comment_status":"open","ping_status":"closed","template":"","meta":[],"product_brand":[],"product_cat":[1756,1764],"product_tag":[1811],"acf":[],"_links":{"self":[{"href":"https:\/\/streetmarkets.fr\/app\/wp-json\/wp\/v2\/product\/1466672"}],"collection":[{"href":"https:\/\/streetmarkets.fr\/app\/wp-json\/wp\/v2\/product"}],"about":[{"href":"https:\/\/streetmarkets.fr\/app\/wp-json\/wp\/v2\/types\/product"}],"replies":[{"embeddable":true,"href":"https:\/\/streetmarkets.fr\/app\/wp-json\/wp\/v2\/comments?post=1466672"}],"wp:featuredmedia":[{"embeddable":true,"href":"https:\/\/streetmarkets.fr\/app\/wp-json\/wp\/v2\/media\/1466673"}],"wp:attachment":[{"href":"https:\/\/streetmarkets.fr\/app\/wp-json\/wp\/v2\/media?parent=1466672"}],"wp:term":[{"taxonomy":"product_brand","embeddable":true,"href":"https:\/\/streetmarkets.fr\/app\/wp-json\/wp\/v2\/product_brand?post=1466672"},{"taxonomy":"product_cat","embeddable":true,"href":"https:\/\/streetmarkets.fr\/app\/wp-json\/wp\/v2\/product_cat?post=1466672"},{"taxonomy":"product_tag","embeddable":true,"href":"https:\/\/streetmarkets.fr\/app\/wp-json\/wp\/v2\/product_tag?post=1466672"}],"curies":[{"name":"wp","href":"https:\/\/api.w.org\/{rel}","templated":true}]}}