{"id":1466667,"date":"2025-03-05T23:27:20","date_gmt":"2025-03-05T22:27:20","guid":{"rendered":"https:\/\/streetmarkets.fr\/app\/produit\/ceinture-daim-marron-glace-t85\/"},"modified":"2025-09-01T00:27:07","modified_gmt":"2025-08-31T22:27:07","slug":"ceinture-daim-marron-glace-t85","status":"publish","type":"product","link":"https:\/\/streetmarkets.fr\/app\/produit\/ceinture-daim-marron-glace-t85\/","title":{"rendered":"Ceinture daim marron glac\u00e9 T85"},"content":{"rendered":"<p>Mati\u00e8re : \u00a0100% cuir<\/p>\n<p>Longueur : 85 cm<\/p>\n<p>Largeur : 2,8 cm<\/p>\n<p>Dessin\u00e9e et fabriqu\u00e9e en France<\/p>\n<p>&nbsp;<\/p>\n<p>&nbsp;<\/p>\n<p>Ceinture en cuir daim d&rsquo;excellente qualit\u00e9.<\/p>\n<p>Taille 85<\/p>\n","protected":false},"excerpt":{"rendered":"<p>Mati\u00e8re : \u00a0100% cuir Longueur : 85 cm Largeur : 2,8 cm Dessin\u00e9e et fabriqu\u00e9e en France &nbsp; &nbsp; Ceinture en cuir daim d&rsquo;excellente qualit\u00e9. Taille 85<\/p>\n","protected":false},"featured_media":1466668,"comment_status":"open","ping_status":"closed","template":"","meta":[],"product_brand":[],"product_cat":[1756,1764],"product_tag":[1811],"acf":[],"_links":{"self":[{"href":"https:\/\/streetmarkets.fr\/app\/wp-json\/wp\/v2\/product\/1466667"}],"collection":[{"href":"https:\/\/streetmarkets.fr\/app\/wp-json\/wp\/v2\/product"}],"about":[{"href":"https:\/\/streetmarkets.fr\/app\/wp-json\/wp\/v2\/types\/product"}],"replies":[{"embeddable":true,"href":"https:\/\/streetmarkets.fr\/app\/wp-json\/wp\/v2\/comments?post=1466667"}],"wp:featuredmedia":[{"embeddable":true,"href":"https:\/\/streetmarkets.fr\/app\/wp-json\/wp\/v2\/media\/1466668"}],"wp:attachment":[{"href":"https:\/\/streetmarkets.fr\/app\/wp-json\/wp\/v2\/media?parent=1466667"}],"wp:term":[{"taxonomy":"product_brand","embeddable":true,"href":"https:\/\/streetmarkets.fr\/app\/wp-json\/wp\/v2\/product_brand?post=1466667"},{"taxonomy":"product_cat","embeddable":true,"href":"https:\/\/streetmarkets.fr\/app\/wp-json\/wp\/v2\/product_cat?post=1466667"},{"taxonomy":"product_tag","embeddable":true,"href":"https:\/\/streetmarkets.fr\/app\/wp-json\/wp\/v2\/product_tag?post=1466667"}],"curies":[{"name":"wp","href":"https:\/\/api.w.org\/{rel}","templated":true}]}}