{"id":1466656,"date":"2025-03-05T23:27:20","date_gmt":"2025-03-05T22:27:20","guid":{"rendered":"https:\/\/streetmarkets.fr\/app\/produit\/boucles-doreilles-puces-croix-en-argent-massif\/"},"modified":"2025-09-01T00:27:07","modified_gmt":"2025-08-31T22:27:07","slug":"boucles-doreilles-puces-croix-en-argent-massif","status":"publish","type":"product","link":"https:\/\/streetmarkets.fr\/app\/produit\/boucles-doreilles-puces-croix-en-argent-massif\/","title":{"rendered":"Boucles d&rsquo;oreilles puces Croix en argent massif"},"content":{"rendered":"<p>Mati\u00e8re : argent massif 925.<\/p>\n<p>Hauteur: 1,5 cm<\/p>\n<p>Largeur \u00a01 cm<\/p>\n<p>Dessin\u00e9 et fait en France.<\/p>\n<p>&nbsp;<\/p>\n<p>&nbsp;<\/p>\n<p>Boucles d&rsquo;oreille Croix en argent massif 925. On adore le d\u00e9tail aux extr\u00e9mit\u00e9s form\u00e9 par 3 petites boules.<\/p>\n<p>A porter tous les jours.<\/p>\n<p>&nbsp;<\/p>\n<p>&nbsp;<\/p>\n","protected":false},"excerpt":{"rendered":"<p>Mati\u00e8re : argent massif 925. Hauteur: 1,5 cm Largeur \u00a01 cm Dessin\u00e9 et fait en France. &nbsp; &nbsp; Boucles d&rsquo;oreille Croix en argent massif 925. On adore le d\u00e9tail aux extr\u00e9mit\u00e9s form\u00e9 par 3 petites boules. A porter tous les jours. &nbsp; &nbsp;<\/p>\n","protected":false},"featured_media":1466657,"comment_status":"open","ping_status":"closed","template":"","meta":[],"product_brand":[],"product_cat":[1807,1756],"product_tag":[1811],"acf":[],"_links":{"self":[{"href":"https:\/\/streetmarkets.fr\/app\/wp-json\/wp\/v2\/product\/1466656"}],"collection":[{"href":"https:\/\/streetmarkets.fr\/app\/wp-json\/wp\/v2\/product"}],"about":[{"href":"https:\/\/streetmarkets.fr\/app\/wp-json\/wp\/v2\/types\/product"}],"replies":[{"embeddable":true,"href":"https:\/\/streetmarkets.fr\/app\/wp-json\/wp\/v2\/comments?post=1466656"}],"wp:featuredmedia":[{"embeddable":true,"href":"https:\/\/streetmarkets.fr\/app\/wp-json\/wp\/v2\/media\/1466657"}],"wp:attachment":[{"href":"https:\/\/streetmarkets.fr\/app\/wp-json\/wp\/v2\/media?parent=1466656"}],"wp:term":[{"taxonomy":"product_brand","embeddable":true,"href":"https:\/\/streetmarkets.fr\/app\/wp-json\/wp\/v2\/product_brand?post=1466656"},{"taxonomy":"product_cat","embeddable":true,"href":"https:\/\/streetmarkets.fr\/app\/wp-json\/wp\/v2\/product_cat?post=1466656"},{"taxonomy":"product_tag","embeddable":true,"href":"https:\/\/streetmarkets.fr\/app\/wp-json\/wp\/v2\/product_tag?post=1466656"}],"curies":[{"name":"wp","href":"https:\/\/api.w.org\/{rel}","templated":true}]}}