{"id":1462466,"date":"2025-03-05T00:48:00","date_gmt":"2025-03-04T23:48:00","guid":{"rendered":"https:\/\/streetmarkets.fr\/app\/produit\/top-virginia-bleu-ciel-en-maille-de-viscose-recyclee\/"},"modified":"2026-05-06T01:44:07","modified_gmt":"2026-05-05T23:44:07","slug":"top-virginia-bleu-ciel-en-maille-de-viscose-recyclee","status":"publish","type":"product","link":"https:\/\/streetmarkets.fr\/app\/produit\/top-virginia-bleu-ciel-en-maille-de-viscose-recyclee\/","title":{"rendered":"Top Virginia bleu ciel en maille de viscose recycl\u00e9e"},"content":{"rendered":"<p><\/p>\n<ul>\n<li>pull bleu ciel<\/li>\n<li>coupe fluide\u00a0<\/li>\n<li>\n<strong>maille<\/strong> fine de viscose\u00a0<\/li>\n<li>20% viscose\u00a0<strong>recycl\u00e9e,<\/strong> 80% viscose <strong>Ecovero <\/strong>\n<\/li>\n<li>marque<strong style=\"font-size: 0.875rem\"> \u00e9thique italienne <\/strong><span style=\"font-size: 0.875rem\">de l&#8217;\u00e9conomie circulaire : <\/span><strong style=\"font-size: 0.875rem\">Rif\u00f2<\/strong>\n<\/li>\n<\/ul>\n<p><strong>Ce pull est confectionn\u00e9 en Toscane \u00e0 partir de fibres biologiques et recycl\u00e9es \u267b\ufe0f dans cette m\u00eame r\u00e9gion d&#8217;Italie\u00a0<\/strong><\/p>\n","protected":false},"excerpt":{"rendered":"<p>pull bleu ciel coupe fluide\u00a0 maille fine de viscose\u00a0 20% viscose\u00a0recycl\u00e9e, 80% viscose Ecovero marque \u00e9thique italienne de l&#8217;\u00e9conomie circulaire : Rif\u00f2 Ce pull est confectionn\u00e9 en Toscane \u00e0 partir de fibres biologiques et recycl\u00e9es \u267b\ufe0f dans cette m\u00eame r\u00e9gion d&#8217;Italie\u00a0<\/p>\n","protected":false},"featured_media":1462467,"comment_status":"open","ping_status":"closed","template":"","meta":[],"product_brand":[],"product_cat":[1756,1762],"product_tag":[1810],"acf":[],"_links":{"self":[{"href":"https:\/\/streetmarkets.fr\/app\/wp-json\/wp\/v2\/product\/1462466"}],"collection":[{"href":"https:\/\/streetmarkets.fr\/app\/wp-json\/wp\/v2\/product"}],"about":[{"href":"https:\/\/streetmarkets.fr\/app\/wp-json\/wp\/v2\/types\/product"}],"replies":[{"embeddable":true,"href":"https:\/\/streetmarkets.fr\/app\/wp-json\/wp\/v2\/comments?post=1462466"}],"wp:featuredmedia":[{"embeddable":true,"href":"https:\/\/streetmarkets.fr\/app\/wp-json\/wp\/v2\/media\/1462467"}],"wp:attachment":[{"href":"https:\/\/streetmarkets.fr\/app\/wp-json\/wp\/v2\/media?parent=1462466"}],"wp:term":[{"taxonomy":"product_brand","embeddable":true,"href":"https:\/\/streetmarkets.fr\/app\/wp-json\/wp\/v2\/product_brand?post=1462466"},{"taxonomy":"product_cat","embeddable":true,"href":"https:\/\/streetmarkets.fr\/app\/wp-json\/wp\/v2\/product_cat?post=1462466"},{"taxonomy":"product_tag","embeddable":true,"href":"https:\/\/streetmarkets.fr\/app\/wp-json\/wp\/v2\/product_tag?post=1462466"}],"curies":[{"name":"wp","href":"https:\/\/api.w.org\/{rel}","templated":true}]}}