{"id":1461930,"date":"2025-03-05T00:19:57","date_gmt":"2025-03-04T23:19:57","guid":{"rendered":"https:\/\/streetmarkets.fr\/app\/produit\/sac-banane-custine-xl-printemps-2025\/"},"modified":"2026-04-29T01:12:11","modified_gmt":"2026-04-28T23:12:11","slug":"sac-banane-custine-xl-printemps-2025","status":"publish","type":"product","link":"https:\/\/streetmarkets.fr\/app\/produit\/sac-banane-custine-xl-printemps-2025\/","title":{"rendered":"Sac Banane Custine XL &#8211; Printemps 2025"},"content":{"rendered":"<p class=\"p1\"><a title=\"Collection Rive Droite Paris\" href=\"\/collections\/rive-droite-paris\"><strong>Collection Rive Droite Paris<\/strong><\/a><\/p>\n<div style=\"text-align: left\">\n<p>L&#8217;iconique sac Custine XL s\u2019habille de rayures bleu marine et blanches sur un canva de coton 50% recycl\u00e9 et 50% organique, inspir\u00e9 de l&#8217;iconique salopette\u00a0<span>Oshkosh.<\/span><\/p>\n<p>On l&#8217;adore pour son c\u00f4t\u00e9 pratique et sa anse ajustable. Son compartiment principal peut accueillir tous les objets essentiels de la vie quotidienne.<\/p>\n<p>Sa doublure int\u00e9rieure bleu marine ou rouge est confectionn\u00e9e \u00e0 partir de surstock de l&#8217;industrie textile. Elle se ferme par un zip YKK<span role=\"img\" aria-label=\"\u00ae\">\u00ae<\/span><span>\u00a0<\/span>argent\u00e9.<\/p>\n<\/div>\n<ul>\n<li style=\"list-style-type: none\">\n<ul>\n<li>\n<strong>Composition<\/strong><span>\u00a0<\/span>:<span> Canva de coton recycl\u00e9 &#8211; 50% Coton recycl\u00e9 &amp; 50% Coton oragnique.<\/span>\n<\/li>\n<li>\n<strong>Emballage :\u00a0<\/strong>Ce produit est emball\u00e9 avec soin dans un pochon en coton r\u00e9utilisable avec un lien coulissant.<\/li>\n<li>\n<strong>Doublure<\/strong><span>\u00a0<\/span>: 100% polycoton upcycl\u00e9 (surstock trouv\u00e9 sur un march\u00e9 au Maroc) &#8211; Rouge.\n<\/li>\n<li>\n<strong>Dimensions<\/strong><span>\u00a0<\/span><span>:\u00a0\u00a0L32 x H22 x P6,5cm. Tour de taille maximum 112cm. Tour de taille minimum 62cm.<\/span>\n<\/li>\n<li>\n<strong>Conseils d&#8217;entretien<\/strong><span>\u00a0<\/span><span>: Nettoyage \u00e0 sec.<\/span><strong style=\"font-family: -apple-system, BlinkMacSystemFont, 'San Francisco', 'Segoe UI', Roboto, 'Helvetica Neue', sans-serif;font-size: 0.875rem\"><\/strong>\n<\/li>\n<\/ul>\n<\/li>\n<\/ul>\n","protected":false},"excerpt":{"rendered":"<p>Collection Rive Droite Paris L&#8217;iconique sac Custine XL s\u2019habille de rayures bleu marine et blanches sur un canva de coton 50% recycl\u00e9 et 50% organique, inspir\u00e9 de l&#8217;iconique salopette\u00a0Oshkosh. On l&#8217;adore pour son c\u00f4t\u00e9 pratique et sa anse ajustable. Son compartiment principal peut accueillir tous les objets essentiels de la vie quotidienne. Sa doublure int\u00e9rieure [&hellip;]<\/p>\n","protected":false},"featured_media":1461931,"comment_status":"open","ping_status":"closed","template":"","meta":[],"product_brand":[],"product_cat":[1756,1764,1760],"product_tag":[2244,1811],"acf":[],"_links":{"self":[{"href":"https:\/\/streetmarkets.fr\/app\/wp-json\/wp\/v2\/product\/1461930"}],"collection":[{"href":"https:\/\/streetmarkets.fr\/app\/wp-json\/wp\/v2\/product"}],"about":[{"href":"https:\/\/streetmarkets.fr\/app\/wp-json\/wp\/v2\/types\/product"}],"replies":[{"embeddable":true,"href":"https:\/\/streetmarkets.fr\/app\/wp-json\/wp\/v2\/comments?post=1461930"}],"wp:featuredmedia":[{"embeddable":true,"href":"https:\/\/streetmarkets.fr\/app\/wp-json\/wp\/v2\/media\/1461931"}],"wp:attachment":[{"href":"https:\/\/streetmarkets.fr\/app\/wp-json\/wp\/v2\/media?parent=1461930"}],"wp:term":[{"taxonomy":"product_brand","embeddable":true,"href":"https:\/\/streetmarkets.fr\/app\/wp-json\/wp\/v2\/product_brand?post=1461930"},{"taxonomy":"product_cat","embeddable":true,"href":"https:\/\/streetmarkets.fr\/app\/wp-json\/wp\/v2\/product_cat?post=1461930"},{"taxonomy":"product_tag","embeddable":true,"href":"https:\/\/streetmarkets.fr\/app\/wp-json\/wp\/v2\/product_tag?post=1461930"}],"curies":[{"name":"wp","href":"https:\/\/api.w.org\/{rel}","templated":true}]}}