{"id":1457056,"date":"2025-03-03T05:49:40","date_gmt":"2025-03-03T04:49:40","guid":{"rendered":"https:\/\/streetmarkets.fr\/app\/produit\/tray-ls-knit-merinos-v-neck-cardigan\/"},"modified":"2026-03-16T05:45:49","modified_gmt":"2026-03-16T04:45:49","slug":"tray-ls-knit-merinos-v-neck-cardigan","status":"publish","type":"product","link":"https:\/\/streetmarkets.fr\/app\/produit\/tray-ls-knit-merinos-v-neck-cardigan\/","title":{"rendered":"Tray LS Knit M\u00e9rinos V-neck Cardigan"},"content":{"rendered":"<p>D\u00e9couvrez le gilet manches longues <strong>Tray LS Knit M\u00e9rinos V-neck Cardigan<\/strong> de la marque <strong>Selected<\/strong> : un must-have 100% m\u00e9rinos, id\u00e9al pour sublimer vos tenues lors des les journ\u00e9es plus fraiches.<\/p>\n<p>Ce mod\u00e8le donne du style \u00e0 votre look, tout en restant simple et facile \u00e0 assembler avec vos pi\u00e8ces. Vous le retrouvez d\u00e8s maintenant chez <strong>Harold<\/strong>, votre boutique de Pr\u00eat-\u00e0-porter homme dans le marais.<\/p>\n","protected":false},"excerpt":{"rendered":"<p>D\u00e9couvrez le gilet manches longues Tray LS Knit M\u00e9rinos V-neck Cardigan de la marque Selected : un must-have 100% m\u00e9rinos, id\u00e9al pour sublimer vos tenues lors des les journ\u00e9es plus fraiches. Ce mod\u00e8le donne du style \u00e0 votre look, tout en restant simple et facile \u00e0 assembler avec vos pi\u00e8ces. Vous le retrouvez d\u00e8s maintenant [&hellip;]<\/p>\n","protected":false},"featured_media":1457057,"comment_status":"open","ping_status":"closed","template":"","meta":[],"product_brand":[],"product_cat":[1756,1758],"product_tag":[2244],"acf":[],"_links":{"self":[{"href":"https:\/\/streetmarkets.fr\/app\/wp-json\/wp\/v2\/product\/1457056"}],"collection":[{"href":"https:\/\/streetmarkets.fr\/app\/wp-json\/wp\/v2\/product"}],"about":[{"href":"https:\/\/streetmarkets.fr\/app\/wp-json\/wp\/v2\/types\/product"}],"replies":[{"embeddable":true,"href":"https:\/\/streetmarkets.fr\/app\/wp-json\/wp\/v2\/comments?post=1457056"}],"wp:featuredmedia":[{"embeddable":true,"href":"https:\/\/streetmarkets.fr\/app\/wp-json\/wp\/v2\/media\/1457057"}],"wp:attachment":[{"href":"https:\/\/streetmarkets.fr\/app\/wp-json\/wp\/v2\/media?parent=1457056"}],"wp:term":[{"taxonomy":"product_brand","embeddable":true,"href":"https:\/\/streetmarkets.fr\/app\/wp-json\/wp\/v2\/product_brand?post=1457056"},{"taxonomy":"product_cat","embeddable":true,"href":"https:\/\/streetmarkets.fr\/app\/wp-json\/wp\/v2\/product_cat?post=1457056"},{"taxonomy":"product_tag","embeddable":true,"href":"https:\/\/streetmarkets.fr\/app\/wp-json\/wp\/v2\/product_tag?post=1457056"}],"curies":[{"name":"wp","href":"https:\/\/api.w.org\/{rel}","templated":true}]}}