{"id":1453142,"date":"2025-03-03T01:12:25","date_gmt":"2025-03-03T00:12:25","guid":{"rendered":"https:\/\/streetmarkets.fr\/app\/produit\/nouveau-rouje-paris-top-annibal-chocolat\/"},"modified":"2026-01-14T01:05:54","modified_gmt":"2026-01-14T00:05:54","slug":"nouveau-rouje-paris-top-annibal-chocolat","status":"publish","type":"product","link":"https:\/\/streetmarkets.fr\/app\/produit\/nouveau-rouje-paris-top-annibal-chocolat\/","title":{"rendered":"ROUJE PARIS Top Annibal Chocolat -30%"},"content":{"rendered":"<p data-rte-preserve-empty=\"true\">Top court, d\u00e9collet\u00e9 en V avec fronces, sans manche, mati\u00e8re douce et fluide.<\/p>\n<p data-rte-preserve-empty=\"true\">D\u00e9tail : 56% cupro recycl\u00e9, 40% viscose, 4% \u00e9lasthanne<\/p>\n","protected":false},"excerpt":{"rendered":"<p>Top court, d\u00e9collet\u00e9 en V avec fronces, sans manche, mati\u00e8re douce et fluide. D\u00e9tail : 56% cupro recycl\u00e9, 40% viscose, 4% \u00e9lasthanne<\/p>\n","protected":false},"featured_media":1453143,"comment_status":"open","ping_status":"closed","template":"","meta":[],"product_brand":[],"product_cat":[1756,1762],"product_tag":[2244,1811],"acf":[],"_links":{"self":[{"href":"https:\/\/streetmarkets.fr\/app\/wp-json\/wp\/v2\/product\/1453142"}],"collection":[{"href":"https:\/\/streetmarkets.fr\/app\/wp-json\/wp\/v2\/product"}],"about":[{"href":"https:\/\/streetmarkets.fr\/app\/wp-json\/wp\/v2\/types\/product"}],"replies":[{"embeddable":true,"href":"https:\/\/streetmarkets.fr\/app\/wp-json\/wp\/v2\/comments?post=1453142"}],"wp:featuredmedia":[{"embeddable":true,"href":"https:\/\/streetmarkets.fr\/app\/wp-json\/wp\/v2\/media\/1453143"}],"wp:attachment":[{"href":"https:\/\/streetmarkets.fr\/app\/wp-json\/wp\/v2\/media?parent=1453142"}],"wp:term":[{"taxonomy":"product_brand","embeddable":true,"href":"https:\/\/streetmarkets.fr\/app\/wp-json\/wp\/v2\/product_brand?post=1453142"},{"taxonomy":"product_cat","embeddable":true,"href":"https:\/\/streetmarkets.fr\/app\/wp-json\/wp\/v2\/product_cat?post=1453142"},{"taxonomy":"product_tag","embeddable":true,"href":"https:\/\/streetmarkets.fr\/app\/wp-json\/wp\/v2\/product_tag?post=1453142"}],"curies":[{"name":"wp","href":"https:\/\/api.w.org\/{rel}","templated":true}]}}