{"id":1453133,"date":"2025-03-03T01:12:18","date_gmt":"2025-03-03T00:12:18","guid":{"rendered":"https:\/\/streetmarkets.fr\/app\/produit\/nouveau-rouje-paris-robe-albertina-paeona-ecru\/"},"modified":"2026-01-14T01:05:11","modified_gmt":"2026-01-14T00:05:11","slug":"nouveau-rouje-paris-robe-albertina-paeona-ecru","status":"publish","type":"product","link":"https:\/\/streetmarkets.fr\/app\/produit\/nouveau-rouje-paris-robe-albertina-paeona-ecru\/","title":{"rendered":"ROUJE PARIS Robe Albertina Paeona Ecru -30%"},"content":{"rendered":"<p data-rte-preserve-empty=\"true\">Robe sans manche mini en coton imprim\u00e9 fleuri, encolure arrondie, d\u00e9coupe devant et dos, deux poches devant, ouverture par un zip invisible. <\/p>\n<p data-rte-preserve-empty=\"true\">D\u00e9tail : 97% coton, 3% \u00e9lasthanne <\/p>\n","protected":false},"excerpt":{"rendered":"<p>Robe sans manche mini en coton imprim\u00e9 fleuri, encolure arrondie, d\u00e9coupe devant et dos, deux poches devant, ouverture par un zip invisible. D\u00e9tail : 97% coton, 3% \u00e9lasthanne<\/p>\n","protected":false},"featured_media":1453134,"comment_status":"open","ping_status":"closed","template":"","meta":[],"product_brand":[],"product_cat":[1756,1762],"product_tag":[2244,1811],"acf":[],"_links":{"self":[{"href":"https:\/\/streetmarkets.fr\/app\/wp-json\/wp\/v2\/product\/1453133"}],"collection":[{"href":"https:\/\/streetmarkets.fr\/app\/wp-json\/wp\/v2\/product"}],"about":[{"href":"https:\/\/streetmarkets.fr\/app\/wp-json\/wp\/v2\/types\/product"}],"replies":[{"embeddable":true,"href":"https:\/\/streetmarkets.fr\/app\/wp-json\/wp\/v2\/comments?post=1453133"}],"wp:featuredmedia":[{"embeddable":true,"href":"https:\/\/streetmarkets.fr\/app\/wp-json\/wp\/v2\/media\/1453134"}],"wp:attachment":[{"href":"https:\/\/streetmarkets.fr\/app\/wp-json\/wp\/v2\/media?parent=1453133"}],"wp:term":[{"taxonomy":"product_brand","embeddable":true,"href":"https:\/\/streetmarkets.fr\/app\/wp-json\/wp\/v2\/product_brand?post=1453133"},{"taxonomy":"product_cat","embeddable":true,"href":"https:\/\/streetmarkets.fr\/app\/wp-json\/wp\/v2\/product_cat?post=1453133"},{"taxonomy":"product_tag","embeddable":true,"href":"https:\/\/streetmarkets.fr\/app\/wp-json\/wp\/v2\/product_tag?post=1453133"}],"curies":[{"name":"wp","href":"https:\/\/api.w.org\/{rel}","templated":true}]}}