{"id":1451287,"date":"2025-03-03T00:47:40","date_gmt":"2025-03-02T23:47:40","guid":{"rendered":"https:\/\/streetmarkets.fr\/app\/produit\/robe-longue-imprime-floral-en-ecovero\/"},"modified":"2026-05-13T01:44:01","modified_gmt":"2026-05-12T23:44:01","slug":"robe-longue-imprime-floral-en-ecovero","status":"publish","type":"product","link":"https:\/\/streetmarkets.fr\/app\/produit\/robe-longue-imprime-floral-en-ecovero\/","title":{"rendered":"Robe longue imprim\u00e9 floral en Ecovero"},"content":{"rendered":"<ul>\n<li>robe<strong> longue<\/strong>\n<\/li>\n<li>col V<\/li>\n<li>lien \u00e0 la ceinture<\/li>\n<li>petites manches<\/li>\n<li>poches sur les c\u00f4t\u00e9s\u00a0<\/li>\n<li>\n<strong>l\u00e9g\u00e8re<\/strong> et fluide<\/li>\n<li>imprim\u00e9 <strong>floral<\/strong>\n<\/li>\n<li>en &#8220;<strong>Ecovero<\/strong>&#8220;, la viscose \u00e9cologique de<strong> Lenzing\u00a0<img decoding=\"async\" src=\"https:\/\/cdn.shopify.com\/s\/files\/1\/0365\/8730\/7148\/files\/badge-ecovero_50x50.jpg?v=1589974738\" alt=\"\"><\/strong>\n<\/li>\n<li>marque \u00e9thique <strong>Tranquillo<\/strong>\n<\/li>\n<\/ul>\n<p><\/p>\n<p><strong><br \/><\/strong><\/p>\n","protected":false},"excerpt":{"rendered":"<p>robe longue col V lien \u00e0 la ceinture petites manches poches sur les c\u00f4t\u00e9s\u00a0 l\u00e9g\u00e8re et fluide imprim\u00e9 floral en &#8220;Ecovero&#8220;, la viscose \u00e9cologique de Lenzing\u00a0 marque \u00e9thique Tranquillo<\/p>\n","protected":false},"featured_media":1451288,"comment_status":"open","ping_status":"closed","template":"","meta":[],"product_brand":[],"product_cat":[1756,1762],"product_tag":[1810],"acf":[],"_links":{"self":[{"href":"https:\/\/streetmarkets.fr\/app\/wp-json\/wp\/v2\/product\/1451287"}],"collection":[{"href":"https:\/\/streetmarkets.fr\/app\/wp-json\/wp\/v2\/product"}],"about":[{"href":"https:\/\/streetmarkets.fr\/app\/wp-json\/wp\/v2\/types\/product"}],"replies":[{"embeddable":true,"href":"https:\/\/streetmarkets.fr\/app\/wp-json\/wp\/v2\/comments?post=1451287"}],"wp:featuredmedia":[{"embeddable":true,"href":"https:\/\/streetmarkets.fr\/app\/wp-json\/wp\/v2\/media\/1451288"}],"wp:attachment":[{"href":"https:\/\/streetmarkets.fr\/app\/wp-json\/wp\/v2\/media?parent=1451287"}],"wp:term":[{"taxonomy":"product_brand","embeddable":true,"href":"https:\/\/streetmarkets.fr\/app\/wp-json\/wp\/v2\/product_brand?post=1451287"},{"taxonomy":"product_cat","embeddable":true,"href":"https:\/\/streetmarkets.fr\/app\/wp-json\/wp\/v2\/product_cat?post=1451287"},{"taxonomy":"product_tag","embeddable":true,"href":"https:\/\/streetmarkets.fr\/app\/wp-json\/wp\/v2\/product_tag?post=1451287"}],"curies":[{"name":"wp","href":"https:\/\/api.w.org\/{rel}","templated":true}]}}