{"id":1451244,"date":"2025-03-03T00:47:30","date_gmt":"2025-03-02T23:47:30","guid":{"rendered":"https:\/\/streetmarkets.fr\/app\/produit\/robe-anemone-en-jersey-de-coton-bio\/"},"modified":"2026-05-06T01:44:06","modified_gmt":"2026-05-05T23:44:06","slug":"robe-anemone-en-jersey-de-coton-bio","status":"publish","type":"product","link":"https:\/\/streetmarkets.fr\/app\/produit\/robe-anemone-en-jersey-de-coton-bio\/","title":{"rendered":"Robe an\u00e9mone en jersey de coton bio"},"content":{"rendered":"<ul>\n<li>robe rouge<\/li>\n<li>l\u00e9g\u00e8rement <strong>\u00e9vas\u00e9e<\/strong>\u00a0<\/li>\n<li>en jersey de coton certifi\u00e9\u00a0<strong data-mce-fragment=\"1\">Gots <\/strong>(CU844876)<\/li>\n<li>col <strong>b\u00e9nitier\u00a0<\/strong>\n<\/li>\n<li>95% <strong>coton bio<\/strong> 5% \u00e9lasthanne<img decoding=\"async\" data-mce-fragment=\"1\" src=\"https:\/\/cdn.shopify.com\/s\/files\/1\/0365\/8730\/7148\/files\/badge-organic-gots_50x50.png?v=1589975978\" alt=\"\">\n<\/li>\n<li>marque <strong>Tranquillo<\/strong>\n<\/li>\n<\/ul>\n<p><span style=\"font-size: 1.4em\">Coupe f\u00e9minine et tr\u00e8s confortable\u00a0<\/span><strong><span style=\"font-size: 1.4em\"> \u00a0 \u00a0 \u00a0 \u00a0 \u00a0 \u00a0 \u00a0 \u00a0 \u00a0 \u00a0 \u00a0 \u00a0\u00a0<\/span><\/strong><\/p>\n","protected":false},"excerpt":{"rendered":"<p>robe rouge l\u00e9g\u00e8rement \u00e9vas\u00e9e\u00a0 en jersey de coton certifi\u00e9\u00a0Gots (CU844876) col b\u00e9nitier\u00a0 95% coton bio 5% \u00e9lasthanne marque Tranquillo Coupe f\u00e9minine et tr\u00e8s confortable\u00a0 \u00a0 \u00a0 \u00a0 \u00a0 \u00a0 \u00a0 \u00a0 \u00a0 \u00a0 \u00a0 \u00a0 \u00a0\u00a0<\/p>\n","protected":false},"featured_media":1451245,"comment_status":"open","ping_status":"closed","template":"","meta":[],"product_brand":[],"product_cat":[1756,1762],"product_tag":[1810],"acf":[],"_links":{"self":[{"href":"https:\/\/streetmarkets.fr\/app\/wp-json\/wp\/v2\/product\/1451244"}],"collection":[{"href":"https:\/\/streetmarkets.fr\/app\/wp-json\/wp\/v2\/product"}],"about":[{"href":"https:\/\/streetmarkets.fr\/app\/wp-json\/wp\/v2\/types\/product"}],"replies":[{"embeddable":true,"href":"https:\/\/streetmarkets.fr\/app\/wp-json\/wp\/v2\/comments?post=1451244"}],"wp:featuredmedia":[{"embeddable":true,"href":"https:\/\/streetmarkets.fr\/app\/wp-json\/wp\/v2\/media\/1451245"}],"wp:attachment":[{"href":"https:\/\/streetmarkets.fr\/app\/wp-json\/wp\/v2\/media?parent=1451244"}],"wp:term":[{"taxonomy":"product_brand","embeddable":true,"href":"https:\/\/streetmarkets.fr\/app\/wp-json\/wp\/v2\/product_brand?post=1451244"},{"taxonomy":"product_cat","embeddable":true,"href":"https:\/\/streetmarkets.fr\/app\/wp-json\/wp\/v2\/product_cat?post=1451244"},{"taxonomy":"product_tag","embeddable":true,"href":"https:\/\/streetmarkets.fr\/app\/wp-json\/wp\/v2\/product_tag?post=1451244"}],"curies":[{"name":"wp","href":"https:\/\/api.w.org\/{rel}","templated":true}]}}