{"id":1450660,"date":"2025-03-02T07:42:03","date_gmt":"2025-03-02T06:42:03","guid":{"rendered":"https:\/\/streetmarkets.fr\/app\/produit\/collier-anya-louise-hendricks\/"},"modified":"2026-05-08T08:38:12","modified_gmt":"2026-05-08T06:38:12","slug":"collier-anya-louise-hendricks","status":"publish","type":"product","link":"https:\/\/streetmarkets.fr\/app\/produit\/collier-anya-louise-hendricks\/","title":{"rendered":"Collier Anya &#8211; Louise Hendricks"},"content":{"rendered":"<p><span>Ras du cou plaqu\u00e9 or mont\u00e9 sur chaine dor\u00e9e, avec d\u00e9tail rond sertie de zircons blancs parsem\u00e9s.<\/p>\n<p>Longueur 42 cm<\/span><\/p>\n<p>Retrouvez sur notre eshop une s\u00e9lection des plus belles cr\u00e9ations bijoux de la nouvelle collection <a style=\"font-family: -apple-system, BlinkMacSystemFont, 'San Francisco', 'Segoe UI', Roboto, 'Helvetica Neue', sans-serif;font-size: 1.4em\" href=\"https:\/\/www.joee.fr\/concept-store-louise-hendricks-pari\" target=\"_blank\" rel=\"noopener\">Louise Hendricks.<\/a><\/p>\n","protected":false},"excerpt":{"rendered":"<p>Ras du cou plaqu\u00e9 or mont\u00e9 sur chaine dor\u00e9e, avec d\u00e9tail rond sertie de zircons blancs parsem\u00e9s. Longueur 42 cm Retrouvez sur notre eshop une s\u00e9lection des plus belles cr\u00e9ations bijoux de la nouvelle collection Louise Hendricks.<\/p>\n","protected":false},"featured_media":1450661,"comment_status":"open","ping_status":"closed","template":"","meta":[],"product_brand":[],"product_cat":[1807,1756],"product_tag":[2244],"acf":[],"_links":{"self":[{"href":"https:\/\/streetmarkets.fr\/app\/wp-json\/wp\/v2\/product\/1450660"}],"collection":[{"href":"https:\/\/streetmarkets.fr\/app\/wp-json\/wp\/v2\/product"}],"about":[{"href":"https:\/\/streetmarkets.fr\/app\/wp-json\/wp\/v2\/types\/product"}],"replies":[{"embeddable":true,"href":"https:\/\/streetmarkets.fr\/app\/wp-json\/wp\/v2\/comments?post=1450660"}],"wp:featuredmedia":[{"embeddable":true,"href":"https:\/\/streetmarkets.fr\/app\/wp-json\/wp\/v2\/media\/1450661"}],"wp:attachment":[{"href":"https:\/\/streetmarkets.fr\/app\/wp-json\/wp\/v2\/media?parent=1450660"}],"wp:term":[{"taxonomy":"product_brand","embeddable":true,"href":"https:\/\/streetmarkets.fr\/app\/wp-json\/wp\/v2\/product_brand?post=1450660"},{"taxonomy":"product_cat","embeddable":true,"href":"https:\/\/streetmarkets.fr\/app\/wp-json\/wp\/v2\/product_cat?post=1450660"},{"taxonomy":"product_tag","embeddable":true,"href":"https:\/\/streetmarkets.fr\/app\/wp-json\/wp\/v2\/product_tag?post=1450660"}],"curies":[{"name":"wp","href":"https:\/\/api.w.org\/{rel}","templated":true}]}}