{"id":1440974,"date":"2025-03-01T01:11:57","date_gmt":"2025-03-01T00:11:57","guid":{"rendered":"https:\/\/streetmarkets.fr\/app\/produit\/outerwear-veste-s25-femme-light-beige\/"},"modified":"2025-10-02T01:58:39","modified_gmt":"2025-10-01T23:58:39","slug":"outerwear-veste-s25-femme-light-beige","status":"publish","type":"product","link":"https:\/\/streetmarkets.fr\/app\/produit\/outerwear-veste-s25-femme-light-beige\/","title":{"rendered":"Outerwear Veste (S25 \/ FEMME \/ Light Beige)"},"content":{"rendered":"<p>Confectionn\u00e9e en laine, cette veste r\u00e9chauffe votre silhouette de saison en douceur. Munie d\u2019un col chemise, elle d\u00e9voile une fermeture et deux poches poitrine \u00e0 rabat boutonn\u00e9. Courte et structur\u00e9e, elle compl\u00e8te vos tenues casual comme plus sophistiqu\u00e9es.<\/p>\n<p>&#8211; Veste courte en laine Femme<br \/>\n<br \/>&#8211; Surpiq\u00fbres<br \/>\n<br \/>&#8211; Col chemise<br \/>\n<br \/>&#8211; Fermeture boutonn\u00e9e<br \/>\n<br \/>&#8211; 2 poches poitrine \u00e0 rabat<br \/>\n<br \/>&#8211; Manches longues<br \/>\n<br \/>&#8211; Coupe regular<\/p>\n","protected":false},"excerpt":{"rendered":"<p>Confectionn\u00e9e en laine, cette veste r\u00e9chauffe votre silhouette de saison en douceur. Munie d\u2019un col chemise, elle d\u00e9voile une fermeture et deux poches poitrine \u00e0 rabat boutonn\u00e9. Courte et structur\u00e9e, elle compl\u00e8te vos tenues casual comme plus sophistiqu\u00e9es. &#8211; Veste courte en laine Femme &#8211; Surpiq\u00fbres &#8211; Col chemise &#8211; Fermeture boutonn\u00e9e &#8211; 2 poches [&hellip;]<\/p>\n","protected":false},"featured_media":1440975,"comment_status":"open","ping_status":"closed","template":"","meta":[],"product_brand":[6868],"product_cat":[1756,1762],"product_tag":[2244],"acf":[],"_links":{"self":[{"href":"https:\/\/streetmarkets.fr\/app\/wp-json\/wp\/v2\/product\/1440974"}],"collection":[{"href":"https:\/\/streetmarkets.fr\/app\/wp-json\/wp\/v2\/product"}],"about":[{"href":"https:\/\/streetmarkets.fr\/app\/wp-json\/wp\/v2\/types\/product"}],"replies":[{"embeddable":true,"href":"https:\/\/streetmarkets.fr\/app\/wp-json\/wp\/v2\/comments?post=1440974"}],"wp:featuredmedia":[{"embeddable":true,"href":"https:\/\/streetmarkets.fr\/app\/wp-json\/wp\/v2\/media\/1440975"}],"wp:attachment":[{"href":"https:\/\/streetmarkets.fr\/app\/wp-json\/wp\/v2\/media?parent=1440974"}],"wp:term":[{"taxonomy":"product_brand","embeddable":true,"href":"https:\/\/streetmarkets.fr\/app\/wp-json\/wp\/v2\/product_brand?post=1440974"},{"taxonomy":"product_cat","embeddable":true,"href":"https:\/\/streetmarkets.fr\/app\/wp-json\/wp\/v2\/product_cat?post=1440974"},{"taxonomy":"product_tag","embeddable":true,"href":"https:\/\/streetmarkets.fr\/app\/wp-json\/wp\/v2\/product_tag?post=1440974"}],"curies":[{"name":"wp","href":"https:\/\/api.w.org\/{rel}","templated":true}]}}