{"id":1440905,"date":"2025-03-01T01:07:31","date_gmt":"2025-03-01T00:07:31","guid":{"rendered":"https:\/\/streetmarkets.fr\/app\/produit\/nouveau-xirena-top-brandi-white\/"},"modified":"2025-09-17T02:08:04","modified_gmt":"2025-09-17T00:08:04","slug":"nouveau-xirena-top-brandi-white","status":"publish","type":"product","link":"https:\/\/streetmarkets.fr\/app\/produit\/nouveau-xirena-top-brandi-white\/","title":{"rendered":"XIRENA Top Brandi White -30%"},"content":{"rendered":"<p data-rte-preserve-empty=\"true\">Top en coton coupe ample, encolure arrondie devant et dos, bretelles joliment torsad\u00e9es, \u00e9galement disponible dans la couleur Purple Orchid.<\/p>\n<p data-rte-preserve-empty=\"true\">D\u00e9tail : 100% coton<\/p>\n","protected":false},"excerpt":{"rendered":"<p>Top en coton coupe ample, encolure arrondie devant et dos, bretelles joliment torsad\u00e9es, \u00e9galement disponible dans la couleur Purple Orchid. D\u00e9tail : 100% coton<\/p>\n","protected":false},"featured_media":1440906,"comment_status":"open","ping_status":"closed","template":"","meta":[],"product_brand":[],"product_cat":[1756,1762],"product_tag":[2244],"acf":[],"_links":{"self":[{"href":"https:\/\/streetmarkets.fr\/app\/wp-json\/wp\/v2\/product\/1440905"}],"collection":[{"href":"https:\/\/streetmarkets.fr\/app\/wp-json\/wp\/v2\/product"}],"about":[{"href":"https:\/\/streetmarkets.fr\/app\/wp-json\/wp\/v2\/types\/product"}],"replies":[{"embeddable":true,"href":"https:\/\/streetmarkets.fr\/app\/wp-json\/wp\/v2\/comments?post=1440905"}],"wp:featuredmedia":[{"embeddable":true,"href":"https:\/\/streetmarkets.fr\/app\/wp-json\/wp\/v2\/media\/1440906"}],"wp:attachment":[{"href":"https:\/\/streetmarkets.fr\/app\/wp-json\/wp\/v2\/media?parent=1440905"}],"wp:term":[{"taxonomy":"product_brand","embeddable":true,"href":"https:\/\/streetmarkets.fr\/app\/wp-json\/wp\/v2\/product_brand?post=1440905"},{"taxonomy":"product_cat","embeddable":true,"href":"https:\/\/streetmarkets.fr\/app\/wp-json\/wp\/v2\/product_cat?post=1440905"},{"taxonomy":"product_tag","embeddable":true,"href":"https:\/\/streetmarkets.fr\/app\/wp-json\/wp\/v2\/product_tag?post=1440905"}],"curies":[{"name":"wp","href":"https:\/\/api.w.org\/{rel}","templated":true}]}}