{"id":1440795,"date":"2025-03-01T00:47:16","date_gmt":"2025-02-28T23:47:16","guid":{"rendered":"https:\/\/streetmarkets.fr\/app\/produit\/socquettes-lake-en-coton-bio\/"},"modified":"2026-04-11T01:44:05","modified_gmt":"2026-04-10T23:44:05","slug":"socquettes-lake-en-coton-bio","status":"publish","type":"product","link":"https:\/\/streetmarkets.fr\/app\/produit\/socquettes-lake-en-coton-bio\/","title":{"rendered":"Socquettes Lake en coton bio"},"content":{"rendered":"<ul data-mce-fragment=\"1\">\n<li data-mce-fragment=\"1\">socquettes femmes<\/li>\n<li data-mce-fragment=\"1\">imprim\u00e9 g\u00e9om\u00e9trique tons bleu<\/li>\n<li data-mce-fragment=\"1\">\n<span data-mce-fragment=\"1\">90%\u00a0<\/span><strong data-mce-fragment=\"1\">coton bio certifi\u00e9 Gots<\/strong><span data-mce-fragment=\"1\">\u00a08% nylon 2% \u00e9lasthanne<\/span>\n<\/li>\n<li data-mce-fragment=\"1\">tr\u00e8s confortables\u00a0<\/li>\n<li data-mce-fragment=\"1\">2 tailles<\/li>\n<li data-mce-fragment=\"1\">marque<span data-mce-fragment=\"1\">\u00a0<b>\u00e9thique <\/b>allemande<b> Tranquillo<\/b><\/span>\n<\/li>\n<li data-mce-fragment=\"1\"><b data-mce-fragment=\"1\">id\u00e9e cadeau<\/b><\/li>\n<\/ul>\n","protected":false},"excerpt":{"rendered":"<p>socquettes femmes imprim\u00e9 g\u00e9om\u00e9trique tons bleu 90%\u00a0coton bio certifi\u00e9 Gots\u00a08% nylon 2% \u00e9lasthanne tr\u00e8s confortables\u00a0 2 tailles marque\u00a0\u00e9thique allemande Tranquillo id\u00e9e cadeau<\/p>\n","protected":false},"featured_media":1440796,"comment_status":"open","ping_status":"closed","template":"","meta":[],"product_brand":[],"product_cat":[1756,1764],"product_tag":[1810],"acf":[],"_links":{"self":[{"href":"https:\/\/streetmarkets.fr\/app\/wp-json\/wp\/v2\/product\/1440795"}],"collection":[{"href":"https:\/\/streetmarkets.fr\/app\/wp-json\/wp\/v2\/product"}],"about":[{"href":"https:\/\/streetmarkets.fr\/app\/wp-json\/wp\/v2\/types\/product"}],"replies":[{"embeddable":true,"href":"https:\/\/streetmarkets.fr\/app\/wp-json\/wp\/v2\/comments?post=1440795"}],"wp:featuredmedia":[{"embeddable":true,"href":"https:\/\/streetmarkets.fr\/app\/wp-json\/wp\/v2\/media\/1440796"}],"wp:attachment":[{"href":"https:\/\/streetmarkets.fr\/app\/wp-json\/wp\/v2\/media?parent=1440795"}],"wp:term":[{"taxonomy":"product_brand","embeddable":true,"href":"https:\/\/streetmarkets.fr\/app\/wp-json\/wp\/v2\/product_brand?post=1440795"},{"taxonomy":"product_cat","embeddable":true,"href":"https:\/\/streetmarkets.fr\/app\/wp-json\/wp\/v2\/product_cat?post=1440795"},{"taxonomy":"product_tag","embeddable":true,"href":"https:\/\/streetmarkets.fr\/app\/wp-json\/wp\/v2\/product_tag?post=1440795"}],"curies":[{"name":"wp","href":"https:\/\/api.w.org\/{rel}","templated":true}]}}