{"id":1440788,"date":"2025-03-01T00:47:15","date_gmt":"2025-02-28T23:47:15","guid":{"rendered":"https:\/\/streetmarkets.fr\/app\/produit\/debardeur-adelaide-en-maille-de-coton-recycle\/"},"modified":"2026-05-09T01:43:58","modified_gmt":"2026-05-08T23:43:58","slug":"debardeur-adelaide-en-maille-de-coton-recycle","status":"publish","type":"product","link":"https:\/\/streetmarkets.fr\/app\/produit\/debardeur-adelaide-en-maille-de-coton-recycle\/","title":{"rendered":"D\u00e9bardeur Ad\u00e9la\u00efde en maille de coton recycl\u00e9"},"content":{"rendered":"<p><\/p>\n<ul>\n<li>pull <strong>d\u00e9bardeur<\/strong> bleu\u00a0<\/li>\n<li>\n<strong>maille<\/strong> de coton<\/li>\n<li>coupe ample avec fentes sur les c\u00f4t\u00e9s\u00a0<\/li>\n<li>50<strong>% coton recycl\u00e9 <\/strong>et 50<strong>% coton bio<\/strong>\u00a0<\/li>\n<li>\u00e0 porter seul ou par dessus un top\u00a0<\/li>\n<li>marque<strong> \u00e9thique italienne <\/strong>de l&#8217;\u00e9conomie circulaire : <strong>Rif\u00f2<\/strong>\n<\/li>\n<\/ul>\n<p><strong>Ce pull est confectionn\u00e9 en Toscane \u00e0 partir de fibres biologiques et recycl\u00e9es \u267b\ufe0f dans cette m\u00eame r\u00e9gion d&#8217;Italie\u00a0<\/strong><\/p>\n","protected":false},"excerpt":{"rendered":"<p>pull d\u00e9bardeur bleu\u00a0 maille de coton coupe ample avec fentes sur les c\u00f4t\u00e9s\u00a0 50% coton recycl\u00e9 et 50% coton bio\u00a0 \u00e0 porter seul ou par dessus un top\u00a0 marque \u00e9thique italienne de l&#8217;\u00e9conomie circulaire : Rif\u00f2 Ce pull est confectionn\u00e9 en Toscane \u00e0 partir de fibres biologiques et recycl\u00e9es \u267b\ufe0f dans cette m\u00eame r\u00e9gion d&#8217;Italie\u00a0<\/p>\n","protected":false},"featured_media":1440789,"comment_status":"open","ping_status":"closed","template":"","meta":[],"product_brand":[],"product_cat":[1756,1762],"product_tag":[1810],"acf":[],"_links":{"self":[{"href":"https:\/\/streetmarkets.fr\/app\/wp-json\/wp\/v2\/product\/1440788"}],"collection":[{"href":"https:\/\/streetmarkets.fr\/app\/wp-json\/wp\/v2\/product"}],"about":[{"href":"https:\/\/streetmarkets.fr\/app\/wp-json\/wp\/v2\/types\/product"}],"replies":[{"embeddable":true,"href":"https:\/\/streetmarkets.fr\/app\/wp-json\/wp\/v2\/comments?post=1440788"}],"wp:featuredmedia":[{"embeddable":true,"href":"https:\/\/streetmarkets.fr\/app\/wp-json\/wp\/v2\/media\/1440789"}],"wp:attachment":[{"href":"https:\/\/streetmarkets.fr\/app\/wp-json\/wp\/v2\/media?parent=1440788"}],"wp:term":[{"taxonomy":"product_brand","embeddable":true,"href":"https:\/\/streetmarkets.fr\/app\/wp-json\/wp\/v2\/product_brand?post=1440788"},{"taxonomy":"product_cat","embeddable":true,"href":"https:\/\/streetmarkets.fr\/app\/wp-json\/wp\/v2\/product_cat?post=1440788"},{"taxonomy":"product_tag","embeddable":true,"href":"https:\/\/streetmarkets.fr\/app\/wp-json\/wp\/v2\/product_tag?post=1440788"}],"curies":[{"name":"wp","href":"https:\/\/api.w.org\/{rel}","templated":true}]}}