{"id":1433536,"date":"2025-02-28T01:16:11","date_gmt":"2025-02-28T00:16:11","guid":{"rendered":"https:\/\/streetmarkets.fr\/app\/produit\/pull-col-rond-bandes-multicolore-aux-manches-s25-femme-paradise-pink\/"},"modified":"2025-09-21T01:52:18","modified_gmt":"2025-09-20T23:52:18","slug":"pull-col-rond-bandes-multicolore-aux-manches-s25-femme-paradise-pink","status":"publish","type":"product","link":"https:\/\/streetmarkets.fr\/app\/produit\/pull-col-rond-bandes-multicolore-aux-manches-s25-femme-paradise-pink\/","title":{"rendered":"Pull Col Rond Bandes Multicolores aux Manches (S25 \/ FEMME \/ Paradise Pink)"},"content":{"rendered":"<p>Confectionn\u00e9 en cachemire 2 fils, ce pull illumine votre allure avec des bandes multicolores le long des manches. Muni d&#8217;un col rond et de bords c\u00f4tel\u00e9s, il s&#8217;associe ais\u00e9ment \u00e0 un jean ample ou une jupe satin\u00e9e.<\/p>\n<p>&#8211; Pull court en cachemire 2 fils certifi\u00e9 GCS\u00ae Femme<br \/>\n<br \/>&#8211; Bandes multicolores<br \/>\n<br \/>&#8211; Col rond<br \/>\n<br \/>&#8211; Manches longues<br \/>\n<br \/>&#8211; Bords c\u00f4tel\u00e9s<br \/>\n<br \/>&#8211; Coupe regular<br \/>\n<br \/>&#8211; Le Good Cashmere Standard\u00ae (GCS) est une norme ind\u00e9pendante pour un cachemire plus durable et plus responsable. Il vise \u00e0 am\u00e9liorer le bien-\u00eatre des ch\u00e8vres cachemire, les conditions de travail des \u00e9leveurs ainsi qu&#8217;\u00e0 prot\u00e9ger l&#8217;environnement.<\/p>\n","protected":false},"excerpt":{"rendered":"<p>Confectionn\u00e9 en cachemire 2 fils, ce pull illumine votre allure avec des bandes multicolores le long des manches. Muni d&#8217;un col rond et de bords c\u00f4tel\u00e9s, il s&#8217;associe ais\u00e9ment \u00e0 un jean ample ou une jupe satin\u00e9e. &#8211; Pull court en cachemire 2 fils certifi\u00e9 GCS\u00ae Femme &#8211; Bandes multicolores &#8211; Col rond &#8211; Manches [&hellip;]<\/p>\n","protected":false},"featured_media":1433537,"comment_status":"open","ping_status":"closed","template":"","meta":[],"product_brand":[6868],"product_cat":[1756,1762],"product_tag":[2244],"acf":[],"_links":{"self":[{"href":"https:\/\/streetmarkets.fr\/app\/wp-json\/wp\/v2\/product\/1433536"}],"collection":[{"href":"https:\/\/streetmarkets.fr\/app\/wp-json\/wp\/v2\/product"}],"about":[{"href":"https:\/\/streetmarkets.fr\/app\/wp-json\/wp\/v2\/types\/product"}],"replies":[{"embeddable":true,"href":"https:\/\/streetmarkets.fr\/app\/wp-json\/wp\/v2\/comments?post=1433536"}],"wp:featuredmedia":[{"embeddable":true,"href":"https:\/\/streetmarkets.fr\/app\/wp-json\/wp\/v2\/media\/1433537"}],"wp:attachment":[{"href":"https:\/\/streetmarkets.fr\/app\/wp-json\/wp\/v2\/media?parent=1433536"}],"wp:term":[{"taxonomy":"product_brand","embeddable":true,"href":"https:\/\/streetmarkets.fr\/app\/wp-json\/wp\/v2\/product_brand?post=1433536"},{"taxonomy":"product_cat","embeddable":true,"href":"https:\/\/streetmarkets.fr\/app\/wp-json\/wp\/v2\/product_cat?post=1433536"},{"taxonomy":"product_tag","embeddable":true,"href":"https:\/\/streetmarkets.fr\/app\/wp-json\/wp\/v2\/product_tag?post=1433536"}],"curies":[{"name":"wp","href":"https:\/\/api.w.org\/{rel}","templated":true}]}}