{"id":1433517,"date":"2025-02-28T01:16:06","date_gmt":"2025-02-28T00:16:06","guid":{"rendered":"https:\/\/streetmarkets.fr\/app\/produit\/robe-longue-bretelle-louisa-s25-femme-blurry-bloom\/"},"modified":"2025-04-21T01:53:28","modified_gmt":"2025-04-20T23:53:28","slug":"robe-longue-bretelle-louisa-s25-femme-blurry-bloom","status":"publish","type":"product","link":"https:\/\/streetmarkets.fr\/app\/produit\/robe-longue-bretelle-louisa-s25-femme-blurry-bloom\/","title":{"rendered":"Robe Longue Bretelles Louisa (S25 \/ FEMME \/ Blurry Bloom)"},"content":{"rendered":"<p>&#8211; Robe longue Femme<br \/>\n<br \/>&#8211; Imprim\u00e9 flout\u00e9<br \/>\n<br \/>&#8211; Col b\u00e9nitier<br \/>\n<br \/>&#8211; Bretelles fines ajustables<br \/>\n<br \/>&#8211; Coupe slim<\/p>\n","protected":false},"excerpt":{"rendered":"<p>&#8211; Robe longue Femme &#8211; Imprim\u00e9 flout\u00e9 &#8211; Col b\u00e9nitier &#8211; Bretelles fines ajustables &#8211; Coupe slim<\/p>\n","protected":false},"featured_media":1433518,"comment_status":"open","ping_status":"closed","template":"","meta":[],"product_brand":[6868],"product_cat":[1756,1762],"product_tag":[2244],"acf":[],"_links":{"self":[{"href":"https:\/\/streetmarkets.fr\/app\/wp-json\/wp\/v2\/product\/1433517"}],"collection":[{"href":"https:\/\/streetmarkets.fr\/app\/wp-json\/wp\/v2\/product"}],"about":[{"href":"https:\/\/streetmarkets.fr\/app\/wp-json\/wp\/v2\/types\/product"}],"replies":[{"embeddable":true,"href":"https:\/\/streetmarkets.fr\/app\/wp-json\/wp\/v2\/comments?post=1433517"}],"wp:featuredmedia":[{"embeddable":true,"href":"https:\/\/streetmarkets.fr\/app\/wp-json\/wp\/v2\/media\/1433518"}],"wp:attachment":[{"href":"https:\/\/streetmarkets.fr\/app\/wp-json\/wp\/v2\/media?parent=1433517"}],"wp:term":[{"taxonomy":"product_brand","embeddable":true,"href":"https:\/\/streetmarkets.fr\/app\/wp-json\/wp\/v2\/product_brand?post=1433517"},{"taxonomy":"product_cat","embeddable":true,"href":"https:\/\/streetmarkets.fr\/app\/wp-json\/wp\/v2\/product_cat?post=1433517"},{"taxonomy":"product_tag","embeddable":true,"href":"https:\/\/streetmarkets.fr\/app\/wp-json\/wp\/v2\/product_tag?post=1433517"}],"curies":[{"name":"wp","href":"https:\/\/api.w.org\/{rel}","templated":true}]}}