{"id":1433481,"date":"2025-02-28T01:16:01","date_gmt":"2025-02-28T00:16:01","guid":{"rendered":"https:\/\/streetmarkets.fr\/app\/produit\/top-bretelles-s25-femme-spicy-lilac\/"},"modified":"2025-09-28T02:21:12","modified_gmt":"2025-09-28T00:21:12","slug":"top-bretelles-s25-femme-spicy-lilac","status":"publish","type":"product","link":"https:\/\/streetmarkets.fr\/app\/produit\/top-bretelles-s25-femme-spicy-lilac\/","title":{"rendered":"Top Bretelles (S25 \/ FEMME \/ Spicy Lilac)"},"content":{"rendered":"<p>&#8211; Top en laine m\u00e9rinos 2 fils certifi\u00e9 GCS\u00ae Femme<br \/>\n<br \/>&#8211; C\u00f4tel\u00e9<br \/>\n<br \/>&#8211; Fermeture bijoux<br \/>\n<br \/>&#8211; D\u00e9collet\u00e9 en V<br \/>\n<br \/>&#8211; Bretelles fines<br \/>\n<br \/>&#8211; Coupe slim<br \/>\n<br \/>&#8211; Laine m\u00e9rinos : respirante et thermor\u00e9gulatrice, elle peut \u00eatre port\u00e9e \u00e9t\u00e9 comme hiver<\/p>\n","protected":false},"excerpt":{"rendered":"<p>&#8211; Top en laine m\u00e9rinos 2 fils certifi\u00e9 GCS\u00ae Femme &#8211; C\u00f4tel\u00e9 &#8211; Fermeture bijoux &#8211; D\u00e9collet\u00e9 en V &#8211; Bretelles fines &#8211; Coupe slim &#8211; Laine m\u00e9rinos : respirante et thermor\u00e9gulatrice, elle peut \u00eatre port\u00e9e \u00e9t\u00e9 comme hiver<\/p>\n","protected":false},"featured_media":1433482,"comment_status":"open","ping_status":"closed","template":"","meta":[],"product_brand":[6868],"product_cat":[1756,1762],"product_tag":[2244],"acf":[],"_links":{"self":[{"href":"https:\/\/streetmarkets.fr\/app\/wp-json\/wp\/v2\/product\/1433481"}],"collection":[{"href":"https:\/\/streetmarkets.fr\/app\/wp-json\/wp\/v2\/product"}],"about":[{"href":"https:\/\/streetmarkets.fr\/app\/wp-json\/wp\/v2\/types\/product"}],"replies":[{"embeddable":true,"href":"https:\/\/streetmarkets.fr\/app\/wp-json\/wp\/v2\/comments?post=1433481"}],"wp:featuredmedia":[{"embeddable":true,"href":"https:\/\/streetmarkets.fr\/app\/wp-json\/wp\/v2\/media\/1433482"}],"wp:attachment":[{"href":"https:\/\/streetmarkets.fr\/app\/wp-json\/wp\/v2\/media?parent=1433481"}],"wp:term":[{"taxonomy":"product_brand","embeddable":true,"href":"https:\/\/streetmarkets.fr\/app\/wp-json\/wp\/v2\/product_brand?post=1433481"},{"taxonomy":"product_cat","embeddable":true,"href":"https:\/\/streetmarkets.fr\/app\/wp-json\/wp\/v2\/product_cat?post=1433481"},{"taxonomy":"product_tag","embeddable":true,"href":"https:\/\/streetmarkets.fr\/app\/wp-json\/wp\/v2\/product_tag?post=1433481"}],"curies":[{"name":"wp","href":"https:\/\/api.w.org\/{rel}","templated":true}]}}