{"id":1433441,"date":"2025-02-28T01:15:34","date_gmt":"2025-02-28T00:15:34","guid":{"rendered":"https:\/\/streetmarkets.fr\/app\/produit\/pull-col-v-multicolore-s25-femme-navy\/"},"modified":"2025-04-25T01:54:51","modified_gmt":"2025-04-24T23:54:51","slug":"pull-col-v-multicolore-s25-femme-navy","status":"publish","type":"product","link":"https:\/\/streetmarkets.fr\/app\/produit\/pull-col-v-multicolore-s25-femme-navy\/","title":{"rendered":"Pull Col V Bandes Multicolores (S25 \/ FEMME \/ Navy)"},"content":{"rendered":"<p>&#8211; Pull en laine m\u00e9rinos 2 fils Femme <br \/>&#8211; Bandes multicolores <br \/>&#8211; Col V <br \/>&#8211; Manches longues <br \/>&#8211; Bords c\u00f4tel\u00e9s <br \/>&#8211; Coupe regular <br \/>&#8211; Laine m\u00e9rinos : respirante et thermor\u00e9gulatrice, elle peut \u00eatre port\u00e9e \u00e9t\u00e9 comme hiver<\/p>\n","protected":false},"excerpt":{"rendered":"<p>&#8211; Pull en laine m\u00e9rinos 2 fils Femme &#8211; Bandes multicolores &#8211; Col V &#8211; Manches longues &#8211; Bords c\u00f4tel\u00e9s &#8211; Coupe regular &#8211; Laine m\u00e9rinos : respirante et thermor\u00e9gulatrice, elle peut \u00eatre port\u00e9e \u00e9t\u00e9 comme hiver<\/p>\n","protected":false},"featured_media":1433442,"comment_status":"open","ping_status":"closed","template":"","meta":[],"product_brand":[6868],"product_cat":[1756,1762],"product_tag":[2244],"acf":[],"_links":{"self":[{"href":"https:\/\/streetmarkets.fr\/app\/wp-json\/wp\/v2\/product\/1433441"}],"collection":[{"href":"https:\/\/streetmarkets.fr\/app\/wp-json\/wp\/v2\/product"}],"about":[{"href":"https:\/\/streetmarkets.fr\/app\/wp-json\/wp\/v2\/types\/product"}],"replies":[{"embeddable":true,"href":"https:\/\/streetmarkets.fr\/app\/wp-json\/wp\/v2\/comments?post=1433441"}],"wp:featuredmedia":[{"embeddable":true,"href":"https:\/\/streetmarkets.fr\/app\/wp-json\/wp\/v2\/media\/1433442"}],"wp:attachment":[{"href":"https:\/\/streetmarkets.fr\/app\/wp-json\/wp\/v2\/media?parent=1433441"}],"wp:term":[{"taxonomy":"product_brand","embeddable":true,"href":"https:\/\/streetmarkets.fr\/app\/wp-json\/wp\/v2\/product_brand?post=1433441"},{"taxonomy":"product_cat","embeddable":true,"href":"https:\/\/streetmarkets.fr\/app\/wp-json\/wp\/v2\/product_cat?post=1433441"},{"taxonomy":"product_tag","embeddable":true,"href":"https:\/\/streetmarkets.fr\/app\/wp-json\/wp\/v2\/product_tag?post=1433441"}],"curies":[{"name":"wp","href":"https:\/\/api.w.org\/{rel}","templated":true}]}}