{"id":1430904,"date":"2025-02-28T00:00:24","date_gmt":"2025-02-27T23:00:24","guid":{"rendered":"https:\/\/streetmarkets.fr\/app\/produit\/etui-a-lunettes-mirae-bleu\/"},"modified":"2026-04-10T00:59:05","modified_gmt":"2026-04-09T22:59:05","slug":"etui-a-lunettes-mirae-bleu","status":"publish","type":"product","link":"https:\/\/streetmarkets.fr\/app\/produit\/etui-a-lunettes-mirae-bleu\/","title":{"rendered":"Etui \u00e0 lunettes Shibuya bleu"},"content":{"rendered":"<p>L&#8217;\u00e9tui \u00e0 lunettes qu\u2019on adore avoir sous la main !\u00a0<br \/>En coton de belle qualit\u00e9, il affiche un graphisme exclusif fa\u00e7on rayures dans un joli mixe de bleu-vert.<\/p>\n<p>Pratique et bien fini, il accueille nos lunettes sans broncher. Ses finitions en cuir sont parfaites.<\/p>\n<p>Petit plus : il se ferme par un aimant pour plus de praticit\u00e9. <br \/>Un etui styl\u00e9, pratique et pr\u00eat \u00e0 nous suivre partout !<\/p>\n","protected":false},"excerpt":{"rendered":"<p>L&#8217;\u00e9tui \u00e0 lunettes qu\u2019on adore avoir sous la main !\u00a0En coton de belle qualit\u00e9, il affiche un graphisme exclusif fa\u00e7on rayures dans un joli mixe de bleu-vert. Pratique et bien fini, il accueille nos lunettes sans broncher. Ses finitions en cuir sont parfaites. Petit plus : il se ferme par un aimant pour plus de [&hellip;]<\/p>\n","protected":false},"featured_media":1430905,"comment_status":"open","ping_status":"closed","template":"","meta":[],"product_brand":[],"product_cat":[1756,1764],"product_tag":[1813],"acf":[],"_links":{"self":[{"href":"https:\/\/streetmarkets.fr\/app\/wp-json\/wp\/v2\/product\/1430904"}],"collection":[{"href":"https:\/\/streetmarkets.fr\/app\/wp-json\/wp\/v2\/product"}],"about":[{"href":"https:\/\/streetmarkets.fr\/app\/wp-json\/wp\/v2\/types\/product"}],"replies":[{"embeddable":true,"href":"https:\/\/streetmarkets.fr\/app\/wp-json\/wp\/v2\/comments?post=1430904"}],"wp:featuredmedia":[{"embeddable":true,"href":"https:\/\/streetmarkets.fr\/app\/wp-json\/wp\/v2\/media\/1430905"}],"wp:attachment":[{"href":"https:\/\/streetmarkets.fr\/app\/wp-json\/wp\/v2\/media?parent=1430904"}],"wp:term":[{"taxonomy":"product_brand","embeddable":true,"href":"https:\/\/streetmarkets.fr\/app\/wp-json\/wp\/v2\/product_brand?post=1430904"},{"taxonomy":"product_cat","embeddable":true,"href":"https:\/\/streetmarkets.fr\/app\/wp-json\/wp\/v2\/product_cat?post=1430904"},{"taxonomy":"product_tag","embeddable":true,"href":"https:\/\/streetmarkets.fr\/app\/wp-json\/wp\/v2\/product_tag?post=1430904"}],"curies":[{"name":"wp","href":"https:\/\/api.w.org\/{rel}","templated":true}]}}