{"id":1428578,"date":"2025-02-27T00:38:19","date_gmt":"2025-02-26T23:38:19","guid":{"rendered":"https:\/\/streetmarkets.fr\/app\/produit\/ceinture-pastille-camel\/"},"modified":"2025-03-24T00:38:48","modified_gmt":"2025-03-23T23:38:48","slug":"ceinture-pastille-camel","status":"publish","type":"product","link":"https:\/\/streetmarkets.fr\/app\/produit\/ceinture-pastille-camel\/","title":{"rendered":"Ceinture Pastille Camel"},"content":{"rendered":"<p>La\u00a0ceinture tiss\u00e9e PASTILLE\u00a0s&#8217;ajoute \u00e0 notre collection d&#8217;accessoires pour femme. Des accessoires, aux coupes modernes et intemporelles, qui structurent la silhouette et subliment les looks. Les ceintures Grace &amp; Mila apportent une touche d&#8217;\u00e9l\u00e9gance raffin\u00e9e \u00e0 votre garde-robe, que ce soit pour une occasion sp\u00e9ciale ou pour une tenue du quotidien.<\/p>\n","protected":false},"excerpt":{"rendered":"<p>La\u00a0ceinture tiss\u00e9e PASTILLE\u00a0s&#8217;ajoute \u00e0 notre collection d&#8217;accessoires pour femme. Des accessoires, aux coupes modernes et intemporelles, qui structurent la silhouette et subliment les looks. Les ceintures Grace &amp; Mila apportent une touche d&#8217;\u00e9l\u00e9gance raffin\u00e9e \u00e0 votre garde-robe, que ce soit pour une occasion sp\u00e9ciale ou pour une tenue du quotidien.<\/p>\n","protected":false},"featured_media":1428579,"comment_status":"open","ping_status":"closed","template":"","meta":[],"product_brand":[],"product_cat":[1756,1764],"product_tag":[1810],"acf":[],"_links":{"self":[{"href":"https:\/\/streetmarkets.fr\/app\/wp-json\/wp\/v2\/product\/1428578"}],"collection":[{"href":"https:\/\/streetmarkets.fr\/app\/wp-json\/wp\/v2\/product"}],"about":[{"href":"https:\/\/streetmarkets.fr\/app\/wp-json\/wp\/v2\/types\/product"}],"replies":[{"embeddable":true,"href":"https:\/\/streetmarkets.fr\/app\/wp-json\/wp\/v2\/comments?post=1428578"}],"wp:featuredmedia":[{"embeddable":true,"href":"https:\/\/streetmarkets.fr\/app\/wp-json\/wp\/v2\/media\/1428579"}],"wp:attachment":[{"href":"https:\/\/streetmarkets.fr\/app\/wp-json\/wp\/v2\/media?parent=1428578"}],"wp:term":[{"taxonomy":"product_brand","embeddable":true,"href":"https:\/\/streetmarkets.fr\/app\/wp-json\/wp\/v2\/product_brand?post=1428578"},{"taxonomy":"product_cat","embeddable":true,"href":"https:\/\/streetmarkets.fr\/app\/wp-json\/wp\/v2\/product_cat?post=1428578"},{"taxonomy":"product_tag","embeddable":true,"href":"https:\/\/streetmarkets.fr\/app\/wp-json\/wp\/v2\/product_tag?post=1428578"}],"curies":[{"name":"wp","href":"https:\/\/api.w.org\/{rel}","templated":true}]}}