{"id":1414096,"date":"2025-02-23T23:58:40","date_gmt":"2025-02-23T22:58:40","guid":{"rendered":"https:\/\/streetmarkets.fr\/app\/produit\/robe-vitalite-ecru\/"},"modified":"2026-05-06T00:56:04","modified_gmt":"2026-05-05T22:56:04","slug":"robe-vitalite-ecru","status":"publish","type":"product","link":"https:\/\/streetmarkets.fr\/app\/produit\/robe-vitalite-ecru\/","title":{"rendered":"Robe Vitalit\u00e9 &#8211; \u00e9cru"},"content":{"rendered":"<p>Graine lance pour cette nouvelle collection une pi\u00e8ce \u00e0 la fois chic et \u00e9thique : la Robe Vitalit\u00e9. Elle se distingue par sa coupe fluide, ses bretelles ajustables et sa broderie florale orange. Avec son tissu l\u00e9ger, cette robe allie confort, style.<\/p>\n<p>Fabriqu\u00e9 au Portugal<\/p>\n<p>D\u00c9TAILS<\/p>\n<ul>\n<li>Bretelles ajustables\u00a0<\/li>\n<li>Fermeture lat\u00e9rale Zip YKK<\/li>\n<li>Broderie fleur orange<\/li>\n<li>Volants, fronces et poches sur les c\u00f4t\u00e9s.<\/li>\n<\/ul>\n<p>COMPOSITION<\/p>\n<ul>\n<li>\n<span>100% coton organique avec son fil d&#8217;origine certifi\u00e9\u00a0GOTS\u00a0<\/span>\n<\/li>\n<li>\n<span>Teinture certifi\u00e9e Oeko-Tex<\/span> <span>\u00ae standard 100<\/span><span><\/span>\n<\/li>\n<\/ul>\n<p>LE CONSEIL D&#8217;ASTRID<\/p>\n<p>Cette robe sera parfaite en plein \u00e9t\u00e9 avec des petites sandales en cuir.\u00a0<\/p>\n<p><span data-sheets-value=\"{&quot;1&quot;:2,&quot;2&quot;:&quot;D\u00e9couvrez le t-shirt couleur cr\u00e8me au col rond 100% organique certifi\u00e9 GOTS.\\n\\nFabriqu\u00e9 au Portugal.\\n\\nLES PETITS PLUS\\n\\nCouleur Ecru &amp; logo vert\\nImpressions label Oeko-Tex\u00ae standard 100\\nCol rond et \u00e9tiquette G\\n\\nLE CONSEIL D'ASTRID\\nCe t-shirt \u00e0 la coupe un peu ample, ira tr\u00e8s bien avec une jupe d\u00e8s le printemps ou un pantalon sous une veste en jean. \\n\\nCONSEILS D'ENTRETIEN\\n\\nLaver d\u00e9licatement \u00e0 30\u00b0C. \\n\\nLA MARQUE\\n\\nGraine Clothing, un duo p\u00e8re-fille imaginant les essentiels conjuguant vie citadine et quotidien en pleine nature.&quot;}\" data-sheets-userformat='{\"2\":4799,\"3\":{\"1\":0},\"4\":{\"1\":2,\"2\":16776960},\"5\":{\"1\":[{\"1\":2,\"2\":0,\"5\":{\"1\":2,\"2\":0}},{\"1\":0,\"2\":0,\"3\":3},{\"1\":1,\"2\":0,\"4\":1}]},\"6\":{\"1\":[{\"1\":2,\"2\":0,\"5\":{\"1\":2,\"2\":0}},{\"1\":0,\"2\":0,\"3\":3},{\"1\":1,\"2\":0,\"4\":1}]},\"7\":{\"1\":[{\"1\":2,\"2\":0,\"5\":{\"1\":2,\"2\":0}},{\"1\":0,\"2\":0,\"3\":3},{\"1\":1,\"2\":0,\"4\":1}]},\"8\":{\"1\":[{\"1\":2,\"2\":0,\"5\":{\"1\":2,\"2\":0}},{\"1\":0,\"2\":0,\"3\":3},{\"1\":1,\"2\":0,\"4\":1}]},\"10\":2,\"12\":0,\"15\":\"Arial\"}'>CONSEILS D&#8217;ENTRETIEN<\/p>\n<p>Laver d\u00e9licatement \u00e0 30\u00b0C. <\/p>\n<p>LA MARQUE<br \/><\/span><\/p>\n<p><span data-sheets-value=\"{&quot;1&quot;:2,&quot;2&quot;:&quot;D\u00e9couvrez le t-shirt couleur cr\u00e8me au col rond 100% organique certifi\u00e9 GOTS.\\n\\nFabriqu\u00e9 au Portugal.\\n\\nLES PETITS PLUS\\n\\nCouleur Ecru &amp; logo vert\\nImpressions label Oeko-Tex\u00ae standard 100\\nCol rond et \u00e9tiquette G\\n\\nLE CONSEIL D'ASTRID\\nCe t-shirt \u00e0 la coupe un peu ample, ira tr\u00e8s bien avec une jupe d\u00e8s le printemps ou un pantalon sous une veste en jean. \\n\\nCONSEILS D'ENTRETIEN\\n\\nLaver d\u00e9licatement \u00e0 30\u00b0C. \\n\\nLA MARQUE\\n\\nGraine Clothing, un duo p\u00e8re-fille imaginant les essentiels conjuguant vie citadine et quotidien en pleine nature.&quot;}\" data-sheets-userformat='{\"2\":4799,\"3\":{\"1\":0},\"4\":{\"1\":2,\"2\":16776960},\"5\":{\"1\":[{\"1\":2,\"2\":0,\"5\":{\"1\":2,\"2\":0}},{\"1\":0,\"2\":0,\"3\":3},{\"1\":1,\"2\":0,\"4\":1}]},\"6\":{\"1\":[{\"1\":2,\"2\":0,\"5\":{\"1\":2,\"2\":0}},{\"1\":0,\"2\":0,\"3\":3},{\"1\":1,\"2\":0,\"4\":1}]},\"7\":{\"1\":[{\"1\":2,\"2\":0,\"5\":{\"1\":2,\"2\":0}},{\"1\":0,\"2\":0,\"3\":3},{\"1\":1,\"2\":0,\"4\":1}]},\"8\":{\"1\":[{\"1\":2,\"2\":0,\"5\":{\"1\":2,\"2\":0}},{\"1\":0,\"2\":0,\"3\":3},{\"1\":1,\"2\":0,\"4\":1}]},\"10\":2,\"12\":0,\"15\":\"Arial\"}'>&#8211;\u00a0 <span style=\"color: #000000;font-style: normal;font-weight: normal;letter-spacing: normal;text-align: start;text-indent: 0px;text-transform: none;text-decoration: none\"><\/span><span style=\"color: #000000;font-style: normal;font-weight: normal;letter-spacing: normal;text-align: start;text-indent: 0px;text-transform: none;text-decoration: none\"><\/span>La mode f\u00e9minine citadine et nature du\u00a0pays basque &#8211;\u00a0<\/span><\/p>\n<p><span data-sheets-value=\"{&quot;1&quot;:2,&quot;2&quot;:&quot;D\u00e9couvrez le t-shirt couleur cr\u00e8me au col rond 100% organique certifi\u00e9 GOTS.\\n\\nFabriqu\u00e9 au Portugal.\\n\\nLES PETITS PLUS\\n\\nCouleur Ecru &amp; logo vert\\nImpressions label Oeko-Tex\u00ae standard 100\\nCol rond et \u00e9tiquette G\\n\\nLE CONSEIL D'ASTRID\\nCe t-shirt \u00e0 la coupe un peu ample, ira tr\u00e8s bien avec une jupe d\u00e8s le printemps ou un pantalon sous une veste en jean. \\n\\nCONSEILS D'ENTRETIEN\\n\\nLaver d\u00e9licatement \u00e0 30\u00b0C. \\n\\nLA MARQUE\\n\\nGraine Clothing, un duo p\u00e8re-fille imaginant les essentiels conjuguant vie citadine et quotidien en pleine nature.&quot;}\" data-sheets-userformat='{\"2\":4799,\"3\":{\"1\":0},\"4\":{\"1\":2,\"2\":16776960},\"5\":{\"1\":[{\"1\":2,\"2\":0,\"5\":{\"1\":2,\"2\":0}},{\"1\":0,\"2\":0,\"3\":3},{\"1\":1,\"2\":0,\"4\":1}]},\"6\":{\"1\":[{\"1\":2,\"2\":0,\"5\":{\"1\":2,\"2\":0}},{\"1\":0,\"2\":0,\"3\":3},{\"1\":1,\"2\":0,\"4\":1}]},\"7\":{\"1\":[{\"1\":2,\"2\":0,\"5\":{\"1\":2,\"2\":0}},{\"1\":0,\"2\":0,\"3\":3},{\"1\":1,\"2\":0,\"4\":1}]},\"8\":{\"1\":[{\"1\":2,\"2\":0,\"5\":{\"1\":2,\"2\":0}},{\"1\":0,\"2\":0,\"3\":3},{\"1\":1,\"2\":0,\"4\":1}]},\"10\":2,\"12\":0,\"15\":\"Arial\"}'>Graine Clothing, a \u00e9t\u00e9 cr\u00e9e par un duo p\u00e8re-fille imaginant les essentiels conjuguant vie citadine et quotidien en pleine nature. Une mode imagin\u00e9e par Chlo\u00e9\u00a0 <span style=\"color: #000000;font-style: normal;font-weight: normal;letter-spacing: normal;text-align: start;text-indent: 0px;text-transform: none;text-decoration: none\"><\/span><span style=\"color: #000000;font-style: normal;font-weight: normal;letter-spacing: normal;text-align: start;text-indent: 0px;text-transform: none;text-decoration: none\"><\/span>en r\u00e9f\u00e9rence \u00e0 son potager clandestin, qui\u00a0s\u2019inspire des saisons qui nous\u00a0traversent.<\/span><\/p>\n","protected":false},"excerpt":{"rendered":"<p>Graine lance pour cette nouvelle collection une pi\u00e8ce \u00e0 la fois chic et \u00e9thique : la Robe Vitalit\u00e9. Elle se distingue par sa coupe fluide, ses bretelles ajustables et sa broderie florale orange. Avec son tissu l\u00e9ger, cette robe allie confort, style. Fabriqu\u00e9 au Portugal D\u00c9TAILS Bretelles ajustables\u00a0 Fermeture lat\u00e9rale Zip YKK Broderie fleur orange [&hellip;]<\/p>\n","protected":false},"featured_media":1414097,"comment_status":"open","ping_status":"closed","template":"","meta":[],"product_brand":[],"product_cat":[1756,1762],"product_tag":[1813],"acf":[],"_links":{"self":[{"href":"https:\/\/streetmarkets.fr\/app\/wp-json\/wp\/v2\/product\/1414096"}],"collection":[{"href":"https:\/\/streetmarkets.fr\/app\/wp-json\/wp\/v2\/product"}],"about":[{"href":"https:\/\/streetmarkets.fr\/app\/wp-json\/wp\/v2\/types\/product"}],"replies":[{"embeddable":true,"href":"https:\/\/streetmarkets.fr\/app\/wp-json\/wp\/v2\/comments?post=1414096"}],"wp:featuredmedia":[{"embeddable":true,"href":"https:\/\/streetmarkets.fr\/app\/wp-json\/wp\/v2\/media\/1414097"}],"wp:attachment":[{"href":"https:\/\/streetmarkets.fr\/app\/wp-json\/wp\/v2\/media?parent=1414096"}],"wp:term":[{"taxonomy":"product_brand","embeddable":true,"href":"https:\/\/streetmarkets.fr\/app\/wp-json\/wp\/v2\/product_brand?post=1414096"},{"taxonomy":"product_cat","embeddable":true,"href":"https:\/\/streetmarkets.fr\/app\/wp-json\/wp\/v2\/product_cat?post=1414096"},{"taxonomy":"product_tag","embeddable":true,"href":"https:\/\/streetmarkets.fr\/app\/wp-json\/wp\/v2\/product_tag?post=1414096"}],"curies":[{"name":"wp","href":"https:\/\/api.w.org\/{rel}","templated":true}]}}