{"id":1409296,"date":"2025-02-23T00:14:19","date_gmt":"2025-02-22T23:14:19","guid":{"rendered":"https:\/\/streetmarkets.fr\/app\/produit\/sac-a-dos-suji-sirocco-macadamia\/"},"modified":"2025-11-24T00:15:51","modified_gmt":"2025-11-23T23:15:51","slug":"sac-a-dos-suji-sirocco-macadamia","status":"publish","type":"product","link":"https:\/\/streetmarkets.fr\/app\/produit\/sac-a-dos-suji-sirocco-macadamia\/","title":{"rendered":"Sac \u00e0 Dos Suji Sirocco &#8211; Macadamia"},"content":{"rendered":"<p>Un format g\u00e9n\u00e9reux, une mati\u00e8re douce et des d\u00e9tails bien pens\u00e9s : ce mod\u00e8le accompagne aussi bien les journ\u00e9es charg\u00e9es que les petites escapades. 100% coton et fait main, il reste l\u00e9ger et agr\u00e9able \u00e0 porter, tout en offrant de vraies solutions de rangement gr\u00e2ce \u00e0 ses petites poches. Sa souplesse en fait un alli\u00e9 id\u00e9al en sac 48h et m\u00eame en bagage cabine pour les courts d\u00e9placements.<br \/>\nLe motif Sirocco et la teinte Macadamia apportent une touche simple et styl\u00e9e, facile \u00e0 accorder. On aime son look casual, sa praticit\u00e9 au quotidien et le fait qu\u2019il se plie facilement dans un placard ou au-dessus d\u2019une valise.<\/p>\n","protected":false},"excerpt":{"rendered":"<p>Un format g\u00e9n\u00e9reux, une mati\u00e8re douce et des d\u00e9tails bien pens\u00e9s : ce mod\u00e8le accompagne aussi bien les journ\u00e9es charg\u00e9es que les petites escapades. 100% coton et fait main, il reste l\u00e9ger et agr\u00e9able \u00e0 porter, tout en offrant de vraies solutions de rangement gr\u00e2ce \u00e0 ses petites poches. Sa souplesse en fait un alli\u00e9 [&hellip;]<\/p>\n","protected":false},"featured_media":1409297,"comment_status":"open","ping_status":"closed","template":"","meta":[],"product_brand":[],"product_cat":[1756,1764],"product_tag":[1810],"acf":[],"_links":{"self":[{"href":"https:\/\/streetmarkets.fr\/app\/wp-json\/wp\/v2\/product\/1409296"}],"collection":[{"href":"https:\/\/streetmarkets.fr\/app\/wp-json\/wp\/v2\/product"}],"about":[{"href":"https:\/\/streetmarkets.fr\/app\/wp-json\/wp\/v2\/types\/product"}],"replies":[{"embeddable":true,"href":"https:\/\/streetmarkets.fr\/app\/wp-json\/wp\/v2\/comments?post=1409296"}],"wp:featuredmedia":[{"embeddable":true,"href":"https:\/\/streetmarkets.fr\/app\/wp-json\/wp\/v2\/media\/1409297"}],"wp:attachment":[{"href":"https:\/\/streetmarkets.fr\/app\/wp-json\/wp\/v2\/media?parent=1409296"}],"wp:term":[{"taxonomy":"product_brand","embeddable":true,"href":"https:\/\/streetmarkets.fr\/app\/wp-json\/wp\/v2\/product_brand?post=1409296"},{"taxonomy":"product_cat","embeddable":true,"href":"https:\/\/streetmarkets.fr\/app\/wp-json\/wp\/v2\/product_cat?post=1409296"},{"taxonomy":"product_tag","embeddable":true,"href":"https:\/\/streetmarkets.fr\/app\/wp-json\/wp\/v2\/product_tag?post=1409296"}],"curies":[{"name":"wp","href":"https:\/\/api.w.org\/{rel}","templated":true}]}}