{"id":1404638,"date":"2025-02-22T01:09:04","date_gmt":"2025-02-22T00:09:04","guid":{"rendered":"https:\/\/streetmarkets.fr\/app\/produit\/nouveau-rouje-paris-top-lio-rouge\/"},"modified":"2026-05-13T01:59:43","modified_gmt":"2026-05-12T23:59:43","slug":"nouveau-rouje-paris-top-lio-rouge","status":"publish","type":"product","link":"https:\/\/streetmarkets.fr\/app\/produit\/nouveau-rouje-paris-top-lio-rouge\/","title":{"rendered":"ROUJE PARIS Top Lio Rouge -30%"},"content":{"rendered":"<p data-rte-preserve-empty=\"true\">Top en coton pr\u00e9s du corps, d\u00e9collet\u00e9 avec fines bretelles ajustables, \u00e9galement disponible dans la couleur Chocolat.<\/p>\n<p data-rte-preserve-empty=\"true\">D\u00e9tail : 96% modal, 4% \u00e9lasthanne<\/p>\n","protected":false},"excerpt":{"rendered":"<p>Top en coton pr\u00e9s du corps, d\u00e9collet\u00e9 avec fines bretelles ajustables, \u00e9galement disponible dans la couleur Chocolat. D\u00e9tail : 96% modal, 4% \u00e9lasthanne<\/p>\n","protected":false},"featured_media":1404639,"comment_status":"open","ping_status":"closed","template":"","meta":[],"product_brand":[],"product_cat":[1756,1762],"product_tag":[2244],"acf":[],"_links":{"self":[{"href":"https:\/\/streetmarkets.fr\/app\/wp-json\/wp\/v2\/product\/1404638"}],"collection":[{"href":"https:\/\/streetmarkets.fr\/app\/wp-json\/wp\/v2\/product"}],"about":[{"href":"https:\/\/streetmarkets.fr\/app\/wp-json\/wp\/v2\/types\/product"}],"replies":[{"embeddable":true,"href":"https:\/\/streetmarkets.fr\/app\/wp-json\/wp\/v2\/comments?post=1404638"}],"wp:featuredmedia":[{"embeddable":true,"href":"https:\/\/streetmarkets.fr\/app\/wp-json\/wp\/v2\/media\/1404639"}],"wp:attachment":[{"href":"https:\/\/streetmarkets.fr\/app\/wp-json\/wp\/v2\/media?parent=1404638"}],"wp:term":[{"taxonomy":"product_brand","embeddable":true,"href":"https:\/\/streetmarkets.fr\/app\/wp-json\/wp\/v2\/product_brand?post=1404638"},{"taxonomy":"product_cat","embeddable":true,"href":"https:\/\/streetmarkets.fr\/app\/wp-json\/wp\/v2\/product_cat?post=1404638"},{"taxonomy":"product_tag","embeddable":true,"href":"https:\/\/streetmarkets.fr\/app\/wp-json\/wp\/v2\/product_tag?post=1404638"}],"curies":[{"name":"wp","href":"https:\/\/api.w.org\/{rel}","templated":true}]}}