{"id":1404604,"date":"2025-02-22T01:07:15","date_gmt":"2025-02-22T00:07:15","guid":{"rendered":"https:\/\/streetmarkets.fr\/app\/produit\/nouveau-masscob-veste-connils-liquen-precommande\/"},"modified":"2025-08-27T02:04:39","modified_gmt":"2025-08-27T00:04:39","slug":"nouveau-masscob-veste-connils-liquen-precommande","status":"publish","type":"product","link":"https:\/\/streetmarkets.fr\/app\/produit\/nouveau-masscob-veste-connils-liquen-precommande\/","title":{"rendered":"MASSCOB Veste Connils Liquen -40%"},"content":{"rendered":"<p data-rte-preserve-empty=\"true\">Veste boutonn\u00e9e en coton, coupe ample, manches longues et poignets resserr\u00e9s, emmanchure large, une poche plaqu\u00e9e devant. \u00c9galement disponible dans la couleur Rose. Coton souple et comfy.<\/p>\n<p data-rte-preserve-empty=\"true\">Sur la photo la veste est port\u00e9e sur la jupe Blanda dans la couleur Algae, avec le pull Vedra dans la couleur Aloe.<\/p>\n<p data-rte-preserve-empty=\"true\">D\u00e9tail : 100% coton<\/p>\n","protected":false},"excerpt":{"rendered":"<p>Veste boutonn\u00e9e en coton, coupe ample, manches longues et poignets resserr\u00e9s, emmanchure large, une poche plaqu\u00e9e devant. \u00c9galement disponible dans la couleur Rose. Coton souple et comfy. Sur la photo la veste est port\u00e9e sur la jupe Blanda dans la couleur Algae, avec le pull Vedra dans la couleur Aloe. D\u00e9tail : 100% coton<\/p>\n","protected":false},"featured_media":1404605,"comment_status":"open","ping_status":"closed","template":"","meta":[],"product_brand":[],"product_cat":[1756,1762],"product_tag":[2244],"acf":[],"_links":{"self":[{"href":"https:\/\/streetmarkets.fr\/app\/wp-json\/wp\/v2\/product\/1404604"}],"collection":[{"href":"https:\/\/streetmarkets.fr\/app\/wp-json\/wp\/v2\/product"}],"about":[{"href":"https:\/\/streetmarkets.fr\/app\/wp-json\/wp\/v2\/types\/product"}],"replies":[{"embeddable":true,"href":"https:\/\/streetmarkets.fr\/app\/wp-json\/wp\/v2\/comments?post=1404604"}],"wp:featuredmedia":[{"embeddable":true,"href":"https:\/\/streetmarkets.fr\/app\/wp-json\/wp\/v2\/media\/1404605"}],"wp:attachment":[{"href":"https:\/\/streetmarkets.fr\/app\/wp-json\/wp\/v2\/media?parent=1404604"}],"wp:term":[{"taxonomy":"product_brand","embeddable":true,"href":"https:\/\/streetmarkets.fr\/app\/wp-json\/wp\/v2\/product_brand?post=1404604"},{"taxonomy":"product_cat","embeddable":true,"href":"https:\/\/streetmarkets.fr\/app\/wp-json\/wp\/v2\/product_cat?post=1404604"},{"taxonomy":"product_tag","embeddable":true,"href":"https:\/\/streetmarkets.fr\/app\/wp-json\/wp\/v2\/product_tag?post=1404604"}],"curies":[{"name":"wp","href":"https:\/\/api.w.org\/{rel}","templated":true}]}}