{"id":1404567,"date":"2025-02-22T01:07:00","date_gmt":"2025-02-22T00:07:00","guid":{"rendered":"https:\/\/streetmarkets.fr\/app\/produit\/nouveau-masscob-chemise-pareis-noir-precommande\/"},"modified":"2025-07-28T02:05:18","modified_gmt":"2025-07-28T00:05:18","slug":"nouveau-masscob-chemise-pareis-noir-precommande","status":"publish","type":"product","link":"https:\/\/streetmarkets.fr\/app\/produit\/nouveau-masscob-chemise-pareis-noir-precommande\/","title":{"rendered":"MASSCOB Chemise Pareis Noir"},"content":{"rendered":"<p data-rte-preserve-empty=\"true\">Chemise en gaze de coton ultra l\u00e9g\u00e8re, coupe ample, manches longues et poignets resserr\u00e9s, emmanchure large, \u00e9galement disponible dans la couleur Sky Blue.<\/p>\n<p data-rte-preserve-empty=\"true\">\n<p data-rte-preserve-empty=\"true\">D\u00e9tail : 100% coton<\/p>\n","protected":false},"excerpt":{"rendered":"<p>Chemise en gaze de coton ultra l\u00e9g\u00e8re, coupe ample, manches longues et poignets resserr\u00e9s, emmanchure large, \u00e9galement disponible dans la couleur Sky Blue. D\u00e9tail : 100% coton<\/p>\n","protected":false},"featured_media":1404568,"comment_status":"open","ping_status":"closed","template":"","meta":[],"product_brand":[],"product_cat":[1756,1762],"product_tag":[2244],"acf":[],"_links":{"self":[{"href":"https:\/\/streetmarkets.fr\/app\/wp-json\/wp\/v2\/product\/1404567"}],"collection":[{"href":"https:\/\/streetmarkets.fr\/app\/wp-json\/wp\/v2\/product"}],"about":[{"href":"https:\/\/streetmarkets.fr\/app\/wp-json\/wp\/v2\/types\/product"}],"replies":[{"embeddable":true,"href":"https:\/\/streetmarkets.fr\/app\/wp-json\/wp\/v2\/comments?post=1404567"}],"wp:featuredmedia":[{"embeddable":true,"href":"https:\/\/streetmarkets.fr\/app\/wp-json\/wp\/v2\/media\/1404568"}],"wp:attachment":[{"href":"https:\/\/streetmarkets.fr\/app\/wp-json\/wp\/v2\/media?parent=1404567"}],"wp:term":[{"taxonomy":"product_brand","embeddable":true,"href":"https:\/\/streetmarkets.fr\/app\/wp-json\/wp\/v2\/product_brand?post=1404567"},{"taxonomy":"product_cat","embeddable":true,"href":"https:\/\/streetmarkets.fr\/app\/wp-json\/wp\/v2\/product_cat?post=1404567"},{"taxonomy":"product_tag","embeddable":true,"href":"https:\/\/streetmarkets.fr\/app\/wp-json\/wp\/v2\/product_tag?post=1404567"}],"curies":[{"name":"wp","href":"https:\/\/api.w.org\/{rel}","templated":true}]}}