{"id":1404549,"date":"2025-02-22T01:06:26","date_gmt":"2025-02-22T00:06:26","guid":{"rendered":"https:\/\/streetmarkets.fr\/app\/produit\/nouveau-masscob-chemise-nublo-blue-precommande\/"},"modified":"2025-07-28T02:05:18","modified_gmt":"2025-07-28T00:05:18","slug":"nouveau-masscob-chemise-nublo-blue-precommande","status":"publish","type":"product","link":"https:\/\/streetmarkets.fr\/app\/produit\/nouveau-masscob-chemise-nublo-blue-precommande\/","title":{"rendered":"MASSCOB Chemise Nublo Blue"},"content":{"rendered":"<p data-rte-preserve-empty=\"true\">Grande chemise en coton \u00e0 fines rayures, coupe ample, manches longues et poignets resserr\u00e9s, emmanchure large, l\u00e9g\u00e8rement plus longue dans le dos. Le mod\u00e8le taille grand et se porte grand.<\/p>\n<p data-rte-preserve-empty=\"true\">D\u00e9tail : 100% coton<\/p>\n","protected":false},"excerpt":{"rendered":"<p>Grande chemise en coton \u00e0 fines rayures, coupe ample, manches longues et poignets resserr\u00e9s, emmanchure large, l\u00e9g\u00e8rement plus longue dans le dos. Le mod\u00e8le taille grand et se porte grand. D\u00e9tail : 100% coton<\/p>\n","protected":false},"featured_media":1404550,"comment_status":"open","ping_status":"closed","template":"","meta":[],"product_brand":[],"product_cat":[1756,1762],"product_tag":[2244],"acf":[],"_links":{"self":[{"href":"https:\/\/streetmarkets.fr\/app\/wp-json\/wp\/v2\/product\/1404549"}],"collection":[{"href":"https:\/\/streetmarkets.fr\/app\/wp-json\/wp\/v2\/product"}],"about":[{"href":"https:\/\/streetmarkets.fr\/app\/wp-json\/wp\/v2\/types\/product"}],"replies":[{"embeddable":true,"href":"https:\/\/streetmarkets.fr\/app\/wp-json\/wp\/v2\/comments?post=1404549"}],"wp:featuredmedia":[{"embeddable":true,"href":"https:\/\/streetmarkets.fr\/app\/wp-json\/wp\/v2\/media\/1404550"}],"wp:attachment":[{"href":"https:\/\/streetmarkets.fr\/app\/wp-json\/wp\/v2\/media?parent=1404549"}],"wp:term":[{"taxonomy":"product_brand","embeddable":true,"href":"https:\/\/streetmarkets.fr\/app\/wp-json\/wp\/v2\/product_brand?post=1404549"},{"taxonomy":"product_cat","embeddable":true,"href":"https:\/\/streetmarkets.fr\/app\/wp-json\/wp\/v2\/product_cat?post=1404549"},{"taxonomy":"product_tag","embeddable":true,"href":"https:\/\/streetmarkets.fr\/app\/wp-json\/wp\/v2\/product_tag?post=1404549"}],"curies":[{"name":"wp","href":"https:\/\/api.w.org\/{rel}","templated":true}]}}