{"id":1404526,"date":"2025-02-22T01:05:52","date_gmt":"2025-02-22T00:05:52","guid":{"rendered":"https:\/\/streetmarkets.fr\/app\/produit\/nouveau-laurence-bras-blouse-didi-red\/"},"modified":"2025-07-05T02:04:53","modified_gmt":"2025-07-05T00:04:53","slug":"nouveau-laurence-bras-blouse-didi-red","status":"publish","type":"product","link":"https:\/\/streetmarkets.fr\/app\/produit\/nouveau-laurence-bras-blouse-didi-red\/","title":{"rendered":"Nouveau ! LAURENCE BRAS Blouse Didi Red"},"content":{"rendered":"<p class=\"\" data-rte-preserve-empty=\"true\">Blouse en coton \u00e0 carreaux, coupe ample, manches 3\/4, d\u00e9collet\u00e9 en v avec col, d\u00e9tail de fronces sur le devant, souple et fraiche. La mod\u00e8le taille grand et se porte grand. <\/p>\n<p class=\"\" data-rte-preserve-empty=\"true\">D\u00e9tail : 100% coton<\/p>\n","protected":false},"excerpt":{"rendered":"<p>Blouse en coton \u00e0 carreaux, coupe ample, manches 3\/4, d\u00e9collet\u00e9 en v avec col, d\u00e9tail de fronces sur le devant, souple et fraiche. La mod\u00e8le taille grand et se porte grand. D\u00e9tail : 100% coton<\/p>\n","protected":false},"featured_media":1404527,"comment_status":"open","ping_status":"closed","template":"","meta":[],"product_brand":[],"product_cat":[1756,1762],"product_tag":[2244],"acf":[],"_links":{"self":[{"href":"https:\/\/streetmarkets.fr\/app\/wp-json\/wp\/v2\/product\/1404526"}],"collection":[{"href":"https:\/\/streetmarkets.fr\/app\/wp-json\/wp\/v2\/product"}],"about":[{"href":"https:\/\/streetmarkets.fr\/app\/wp-json\/wp\/v2\/types\/product"}],"replies":[{"embeddable":true,"href":"https:\/\/streetmarkets.fr\/app\/wp-json\/wp\/v2\/comments?post=1404526"}],"wp:featuredmedia":[{"embeddable":true,"href":"https:\/\/streetmarkets.fr\/app\/wp-json\/wp\/v2\/media\/1404527"}],"wp:attachment":[{"href":"https:\/\/streetmarkets.fr\/app\/wp-json\/wp\/v2\/media?parent=1404526"}],"wp:term":[{"taxonomy":"product_brand","embeddable":true,"href":"https:\/\/streetmarkets.fr\/app\/wp-json\/wp\/v2\/product_brand?post=1404526"},{"taxonomy":"product_cat","embeddable":true,"href":"https:\/\/streetmarkets.fr\/app\/wp-json\/wp\/v2\/product_cat?post=1404526"},{"taxonomy":"product_tag","embeddable":true,"href":"https:\/\/streetmarkets.fr\/app\/wp-json\/wp\/v2\/product_tag?post=1404526"}],"curies":[{"name":"wp","href":"https:\/\/api.w.org\/{rel}","templated":true}]}}